{"id":1845,"date":"2024-10-08T17:17:52","date_gmt":"2024-10-08T15:17:52","guid":{"rendered":"https:\/\/talaiaeskola.eus\/informacion\/"},"modified":"2025-02-04T16:13:55","modified_gmt":"2025-02-04T15:13:55","slug":"informacion","status":"publish","type":"page","link":"https:\/\/talaiaeskola.eus\/es\/informacion\/","title":{"rendered":"INFORMACI\u00d3N"},"content":{"rendered":"","protected":false},"excerpt":{"rendered":"","protected":false},"author":241677285,"featured_media":0,"parent":0,"menu_order":0,"comment_status":"closed","ping_status":"closed","template":"","meta":{"_surecart_dashboard_logo_width":"180px","_surecart_dashboard_show_logo":true,"_surecart_dashboard_navigation_orders":true,"_surecart_dashboard_navigation_invoices":true,"_surecart_dashboard_navigation_subscriptions":true,"_surecart_dashboard_navigation_downloads":true,"_surecart_dashboard_navigation_billing":true,"_surecart_dashboard_navigation_account":true,"_uag_custom_page_level_css":"","site-sidebar-layout":"default","site-content-layout":"","ast-site-content-layout":"default","site-content-style":"default","site-sidebar-style":"default","ast-global-header-display":"","ast-banner-title-visibility":"","ast-main-header-display":"","ast-hfb-above-header-display":"","ast-hfb-below-header-display":"","ast-hfb-mobile-header-display":"","site-post-title":"","ast-breadcrumbs-content":"","ast-featured-img":"","footer-sml-layout":"","theme-transparent-header-meta":"","adv-header-id-meta":"","stick-header-meta":"","header-above-stick-meta":"","header-main-stick-meta":"","header-below-stick-meta":"","astra-migrate-meta-layouts":"default","ast-page-background-enabled":"default","ast-page-background-meta":{"desktop":{"background-color":"var(--ast-global-color-4)","background-image":"","background-repeat":"repeat","background-position":"center center","background-size":"auto","background-attachment":"scroll","background-type":"","background-media":"","overlay-type":"","overlay-color":"","overlay-opacity":"","overlay-gradient":""},"tablet":{"background-color":"","background-image":"","background-repeat":"repeat","background-position":"center center","background-size":"auto","background-attachment":"scroll","background-type":"","background-media":"","overlay-type":"","overlay-color":"","overlay-opacity":"","overlay-gradient":""},"mobile":{"background-color":"","background-image":"","background-repeat":"repeat","background-position":"center center","background-size":"auto","background-attachment":"scroll","background-type":"","background-media":"","overlay-type":"","overlay-color":"","overlay-opacity":"","overlay-gradient":""}},"ast-content-background-meta":{"desktop":{"background-color":"var(--ast-global-color-5)","background-image":"","background-repeat":"repeat","background-position":"center center","background-size":"auto","background-attachment":"scroll","background-type":"","background-media":"","overlay-type":"","overlay-color":"","overlay-opacity":"","overlay-gradient":""},"tablet":{"background-color":"var(--ast-global-color-5)","background-image":"","background-repeat":"repeat","background-position":"center center","background-size":"auto","background-attachment":"scroll","background-type":"","background-media":"","overlay-type":"","overlay-color":"","overlay-opacity":"","overlay-gradient":""},"mobile":{"background-color":"var(--ast-global-color-5)","background-image":"","background-repeat":"repeat","background-position":"center center","background-size":"auto","background-attachment":"scroll","background-type":"","background-media":"","overlay-type":"","overlay-color":"","overlay-opacity":"","overlay-gradient":""}},"advanced_seo_description":"","jetpack_seo_html_title":"","jetpack_seo_noindex":false,"footnotes":""},"class_list":["post-1845","page","type-page","status-publish","hentry"],"uagb_featured_image_src":{"full":false,"thumbnail":false,"medium":false,"medium_large":false,"large":false,"1536x1536":false,"2048x2048":false,"newspack-article-block-landscape-large":false,"newspack-article-block-portrait-large":false,"newspack-article-block-square-large":false,"newspack-article-block-landscape-medium":false,"newspack-article-block-portrait-medium":false,"newspack-article-block-square-medium":false,"newspack-article-block-landscape-intermediate":false,"newspack-article-block-portrait-intermediate":false,"newspack-article-block-square-intermediate":false,"newspack-article-block-landscape-small":false,"newspack-article-block-portrait-small":false,"newspack-article-block-square-small":false,"newspack-article-block-landscape-tiny":false,"newspack-article-block-portrait-tiny":false,"newspack-article-block-square-tiny":false,"newspack-article-block-uncropped":false},"uagb_author_info":{"display_name":"Joxa Darceles Irakasle","author_link":"https:\/\/talaiaeskola.eus\/es\/author\/ir013074ak\/"},"uagb_comment_info":0,"uagb_excerpt":null,"jetpack_likes_enabled":true,"jetpack_sharing_enabled":true,"jetpack_shortlink":"https:\/\/wp.me\/PfA7rq-tL","jetpack-related-posts":[{"id":1922,"url":"https:\/\/talaiaeskola.eus\/es\/hogar-2\/","url_meta":{"origin":1845,"position":0},"title":"Hogar","author":"Aitzol Idazkaria","date":"22 de octubre de 2024","format":false,"excerpt":"Men\u00fa NUESTRA ESCUELA PRESENTACI\u00d3N Contactos UBICACI\u00d3N CUOTAS INFORMACI\u00d3N CALENDARIO HORARIOS DE ENTRADA\/SALIDA Satarka Biteri Bordari RESPONSABILIDADES DE LOS\/LAS DOCENTES EQUIPO DIRECTIVO DISTRIBUCI\u00d3N DE TUTORES TUTORES\/AS DE EDUCACI\u00d3N INFANTIL TUTORES\/AS DE EDUCACI\u00d3N PRIMARIA REGLAS Y FUNCIONAMIENTO SERVICIOS COMEDOR TRANSPORTE SERVICIO DE HAUR ZAINTZA ACTIVIDADES DEL MI\u00c9RCOLES POR LA TARDE ESKOLA KIROLA\u2026","rel":"","context":"Entrada similar","block_context":{"text":"Entrada similar","link":""},"img":{"alt_text":"","src":"https:\/\/i0.wp.com\/talaiaeskola.eus\/wp-content\/uploads\/2024\/10\/Satarka-Biteri-Bordari-5.png?fit=1200%2C272&ssl=1&resize=350%2C200","width":350,"height":200,"srcset":"https:\/\/i0.wp.com\/talaiaeskola.eus\/wp-content\/uploads\/2024\/10\/Satarka-Biteri-Bordari-5.png?fit=1200%2C272&ssl=1&resize=350%2C200 1x, https:\/\/i0.wp.com\/talaiaeskola.eus\/wp-content\/uploads\/2024\/10\/Satarka-Biteri-Bordari-5.png?fit=1200%2C272&ssl=1&resize=525%2C300 1.5x, https:\/\/i0.wp.com\/talaiaeskola.eus\/wp-content\/uploads\/2024\/10\/Satarka-Biteri-Bordari-5.png?fit=1200%2C272&ssl=1&resize=700%2C400 2x, https:\/\/i0.wp.com\/talaiaeskola.eus\/wp-content\/uploads\/2024\/10\/Satarka-Biteri-Bordari-5.png?fit=1200%2C272&ssl=1&resize=1050%2C600 3x"},"classes":[]},{"id":1947,"url":"https:\/\/talaiaeskola.eus\/es\/proyectos\/","url_meta":{"origin":1845,"position":1},"title":"PROYECTOS","author":"Joxa Darceles Irakasle","date":"8 de octubre de 2024","format":false,"excerpt":"Proyectos escolares PROYECTO DIGITAL DE SARE HEZKUNTZA: La combinaci\u00f3n de las tecnolog\u00edas de la informaci\u00f3n y la comunicaci\u00f3n en los procesos de ense\u00f1anza-aprendizaje. Continuaremos el proceso que iniciamos para digitalizar el colegio en el curso 2016\/2017. El IPD se complet\u00f3 el a\u00f1o pasado. Continuaremos con el proyecto IKKI (aprender a\u2026","rel":"","context":"Entrada similar","block_context":{"text":"Entrada similar","link":""},"img":{"alt_text":"","src":"","width":0,"height":0},"classes":[]}],"_links":{"self":[{"href":"https:\/\/talaiaeskola.eus\/es\/wp-json\/wp\/v2\/pages\/1845","targetHints":{"allow":["GET"]}}],"collection":[{"href":"https:\/\/talaiaeskola.eus\/es\/wp-json\/wp\/v2\/pages"}],"about":[{"href":"https:\/\/talaiaeskola.eus\/es\/wp-json\/wp\/v2\/types\/page"}],"author":[{"embeddable":true,"href":"https:\/\/talaiaeskola.eus\/es\/wp-json\/wp\/v2\/users\/241677285"}],"replies":[{"embeddable":true,"href":"https:\/\/talaiaeskola.eus\/es\/wp-json\/wp\/v2\/comments?post=1845"}],"version-history":[{"count":1,"href":"https:\/\/talaiaeskola.eus\/es\/wp-json\/wp\/v2\/pages\/1845\/revisions"}],"predecessor-version":[{"id":1848,"href":"https:\/\/talaiaeskola.eus\/es\/wp-json\/wp\/v2\/pages\/1845\/revisions\/1848"}],"wp:attachment":[{"href":"https:\/\/talaiaeskola.eus\/es\/wp-json\/wp\/v2\/media?parent=1845"}],"curies":[{"name":"wp","href":"https:\/\/api.w.org\/{rel}","templated":true}]}}