{"id":1860,"date":"2024-10-08T17:31:50","date_gmt":"2024-10-08T15:31:50","guid":{"rendered":"https:\/\/talaiaeskola.eus\/equipo-directivo\/"},"modified":"2025-02-06T13:05:51","modified_gmt":"2025-02-06T12:05:51","slug":"equipo-directivo","status":"publish","type":"page","link":"https:\/\/talaiaeskola.eus\/es\/equipo-directivo\/","title":{"rendered":"EQUIPO DIRECTIVO"},"content":{"rendered":"\n<ul class=\"wp-block-list\">\n<li><strong>Directora:<\/strong> Jaione Biku\u00f1a  <\/li>\n\n\n\n<li><strong>Jefes de estudio: <\/strong>\n<ul class=\"wp-block-list\">\n<li><strong>Educaci\u00f3n Infantil:<\/strong> Eider Ordoki<\/li>\n\n\n\n<li><strong>Educaci\u00f3n Primaria:<\/strong> David Borrego  <\/li>\n<\/ul>\n<\/li>\n\n\n\n<li><strong>Secretario:<\/strong> Aitzol Goikoetxea  <\/li>\n\n\n\n<li><strong>Administradora:<\/strong> Agurtze Belarra<\/li>\n<\/ul>\n\n<p><\/p>\n","protected":false},"excerpt":{"rendered":"","protected":false},"author":241677285,"featured_media":0,"parent":0,"menu_order":0,"comment_status":"closed","ping_status":"closed","template":"","meta":{"_surecart_dashboard_logo_width":"180px","_surecart_dashboard_show_logo":true,"_surecart_dashboard_navigation_orders":true,"_surecart_dashboard_navigation_invoices":true,"_surecart_dashboard_navigation_subscriptions":true,"_surecart_dashboard_navigation_downloads":true,"_surecart_dashboard_navigation_billing":true,"_surecart_dashboard_navigation_account":true,"_uag_custom_page_level_css":"","site-sidebar-layout":"default","site-content-layout":"","ast-site-content-layout":"default","site-content-style":"default","site-sidebar-style":"default","ast-global-header-display":"","ast-banner-title-visibility":"","ast-main-header-display":"","ast-hfb-above-header-display":"","ast-hfb-below-header-display":"","ast-hfb-mobile-header-display":"","site-post-title":"","ast-breadcrumbs-content":"","ast-featured-img":"","footer-sml-layout":"","theme-transparent-header-meta":"","adv-header-id-meta":"","stick-header-meta":"","header-above-stick-meta":"","header-main-stick-meta":"","header-below-stick-meta":"","astra-migrate-meta-layouts":"default","ast-page-background-enabled":"default","ast-page-background-meta":{"desktop":{"background-color":"var(--ast-global-color-4)","background-image":"","background-repeat":"repeat","background-position":"center center","background-size":"auto","background-attachment":"scroll","background-type":"","background-media":"","overlay-type":"","overlay-color":"","overlay-opacity":"","overlay-gradient":""},"tablet":{"background-color":"","background-image":"","background-repeat":"repeat","background-position":"center center","background-size":"auto","background-attachment":"scroll","background-type":"","background-media":"","overlay-type":"","overlay-color":"","overlay-opacity":"","overlay-gradient":""},"mobile":{"background-color":"","background-image":"","background-repeat":"repeat","background-position":"center center","background-size":"auto","background-attachment":"scroll","background-type":"","background-media":"","overlay-type":"","overlay-color":"","overlay-opacity":"","overlay-gradient":""}},"ast-content-background-meta":{"desktop":{"background-color":"var(--ast-global-color-5)","background-image":"","background-repeat":"repeat","background-position":"center center","background-size":"auto","background-attachment":"scroll","background-type":"","background-media":"","overlay-type":"","overlay-color":"","overlay-opacity":"","overlay-gradient":""},"tablet":{"background-color":"var(--ast-global-color-5)","background-image":"","background-repeat":"repeat","background-position":"center center","background-size":"auto","background-attachment":"scroll","background-type":"","background-media":"","overlay-type":"","overlay-color":"","overlay-opacity":"","overlay-gradient":""},"mobile":{"background-color":"var(--ast-global-color-5)","background-image":"","background-repeat":"repeat","background-position":"center center","background-size":"auto","background-attachment":"scroll","background-type":"","background-media":"","overlay-type":"","overlay-color":"","overlay-opacity":"","overlay-gradient":""}},"advanced_seo_description":"","jetpack_seo_html_title":"","jetpack_seo_noindex":false,"footnotes":""},"class_list":["post-1860","page","type-page","status-publish","hentry"],"uagb_featured_image_src":{"full":false,"thumbnail":false,"medium":false,"medium_large":false,"large":false,"1536x1536":false,"2048x2048":false,"newspack-article-block-landscape-large":false,"newspack-article-block-portrait-large":false,"newspack-article-block-square-large":false,"newspack-article-block-landscape-medium":false,"newspack-article-block-portrait-medium":false,"newspack-article-block-square-medium":false,"newspack-article-block-landscape-intermediate":false,"newspack-article-block-portrait-intermediate":false,"newspack-article-block-square-intermediate":false,"newspack-article-block-landscape-small":false,"newspack-article-block-portrait-small":false,"newspack-article-block-square-small":false,"newspack-article-block-landscape-tiny":false,"newspack-article-block-portrait-tiny":false,"newspack-article-block-square-tiny":false,"newspack-article-block-uncropped":false},"uagb_author_info":{"display_name":"Joxa Darceles Irakasle","author_link":"https:\/\/talaiaeskola.eus\/es\/author\/ir013074ak\/"},"uagb_comment_info":0,"uagb_excerpt":null,"jetpack_likes_enabled":true,"jetpack_sharing_enabled":true,"jetpack_shortlink":"https:\/\/wp.me\/PfA7rq-u0","jetpack-related-posts":[{"id":1921,"url":"https:\/\/talaiaeskola.eus\/es\/profesores-de-educacion-primaria\/","url_meta":{"origin":1860,"position":0},"title":"TUTORES\/AS DE EDUCACI\u00d3N PRIMARIA","author":"Joxa Darceles Irakasle","date":"8 de noviembre de 2024","format":false,"excerpt":"Tutores de Educaci\u00f3n PrimariaDescargar","rel":"","context":"Entrada similar","block_context":{"text":"Entrada similar","link":""},"img":{"alt_text":"","src":"","width":0,"height":0},"classes":[]},{"id":1926,"url":"https:\/\/talaiaeskola.eus\/es\/tutores-de-educacion-infantil\/","url_meta":{"origin":1860,"position":1},"title":"TUTORES\/AS DE EDUCACI\u00d3N INFANTIL","author":"Joxa Darceles Irakasle","date":"8 de noviembre de 2024","format":false,"excerpt":"Tutores de Educaci\u00f3n InfantilDescargar","rel":"","context":"Entrada similar","block_context":{"text":"Entrada similar","link":""},"img":{"alt_text":"","src":"","width":0,"height":0},"classes":[]},{"id":1943,"url":"https:\/\/talaiaeskola.eus\/es\/acciones-para-la-promocion-del-euskera\/","url_meta":{"origin":1860,"position":2},"title":"ACCIONES PARA LA PROMOCI\u00d3N DEL EUSKERA","author":"Joxa Darceles Irakasle","date":"8 de octubre de 2024","format":false,"excerpt":"RADIO: Este es un proyecto que se trabaja en toda la Educaci\u00f3n Primaria. Los ni\u00f1os y ni\u00f1as de 1\u00ba a 4\u00ba grado participan en los programas de radio y se transmiten en vivo en el sitio web de la escuela. Pod\u00e9is escuchar las sesiones en la web del colegio accediendo\u2026","rel":"","context":"Entrada similar","block_context":{"text":"Entrada similar","link":""},"img":{"alt_text":"","src":"","width":0,"height":0},"classes":[]},{"id":1983,"url":"https:\/\/talaiaeskola.eus\/es\/presentacion\/","url_meta":{"origin":1860,"position":3},"title":"PRESENTACI\u00d3N","author":"Joxa Darceles Irakasle","date":"8 de octubre de 2024","format":false,"excerpt":"Presentaci\u00f3n La misi\u00f3n del Colegio P\u00fablico Talaia es proporcionar una educaci\u00f3n en lengua vasca, integral, constructiva, cr\u00edtica y aconfesional. Talaia Eskola: Transmite valores para la convivencia. Teniendo en cuenta la diversidad, ofrece las mismas oportunidades para todos. Adem\u00e1s de asegurar objetivos b\u00e1sicos, desarrolla las habilidades de cada alumno. Se busca\u2026","rel":"","context":"Entrada similar","block_context":{"text":"Entrada similar","link":""},"img":{"alt_text":"","src":"","width":0,"height":0},"classes":[]},{"id":1967,"url":"https:\/\/talaiaeskola.eus\/es\/responsabilidades-del-docente\/","url_meta":{"origin":1860,"position":4},"title":"RESPONSABILIDADES DE LOS\/LAS DOCENTES","author":"Joxa Darceles Irakasle","date":"8 de octubre de 2024","format":false,"excerpt":"Musika: Kristina Perez, Mikel Rekakoetxea y Ander Txasko. Ingelesa: Amaia Elizalde, Elixabete Irazoki, Nerea Arbelaiz, Nagore Mugika y Miriam Bartolome. Gorputz Hezkuntza: Sergio Vel\u00e1zquez, Unai Moriones y Gorka Irigoyen. Cosultoras: Ainara Ordoki y Maria Santos. \u200b\u200b\u200b\u200b\u200bLaguntza taldea: Edurne Gartzia, Erasune Castro, M. Jose Flores, Lore Bar\u00f3n y Oihana Gabarain. Logopeda:\u2026","rel":"","context":"Entrada similar","block_context":{"text":"Entrada similar","link":""},"img":{"alt_text":"","src":"","width":0,"height":0},"classes":[]},{"id":1922,"url":"https:\/\/talaiaeskola.eus\/es\/hogar-2\/","url_meta":{"origin":1860,"position":5},"title":"Hogar","author":"Aitzol Idazkaria","date":"22 de octubre de 2024","format":false,"excerpt":"Men\u00fa NUESTRA ESCUELA PRESENTACI\u00d3N Contactos UBICACI\u00d3N CUOTAS INFORMACI\u00d3N CALENDARIO HORARIOS DE ENTRADA\/SALIDA Satarka Biteri Bordari RESPONSABILIDADES DE LOS\/LAS DOCENTES EQUIPO DIRECTIVO DISTRIBUCI\u00d3N DE TUTORES TUTORES\/AS DE EDUCACI\u00d3N INFANTIL TUTORES\/AS DE EDUCACI\u00d3N PRIMARIA REGLAS Y FUNCIONAMIENTO SERVICIOS COMEDOR TRANSPORTE SERVICIO DE HAUR ZAINTZA ACTIVIDADES DEL MI\u00c9RCOLES POR LA TARDE ESKOLA KIROLA\u2026","rel":"","context":"Entrada similar","block_context":{"text":"Entrada similar","link":""},"img":{"alt_text":"","src":"https:\/\/i0.wp.com\/talaiaeskola.eus\/wp-content\/uploads\/2024\/10\/Satarka-Biteri-Bordari-5.png?fit=1200%2C272&ssl=1&resize=350%2C200","width":350,"height":200,"srcset":"https:\/\/i0.wp.com\/talaiaeskola.eus\/wp-content\/uploads\/2024\/10\/Satarka-Biteri-Bordari-5.png?fit=1200%2C272&ssl=1&resize=350%2C200 1x, https:\/\/i0.wp.com\/talaiaeskola.eus\/wp-content\/uploads\/2024\/10\/Satarka-Biteri-Bordari-5.png?fit=1200%2C272&ssl=1&resize=525%2C300 1.5x, https:\/\/i0.wp.com\/talaiaeskola.eus\/wp-content\/uploads\/2024\/10\/Satarka-Biteri-Bordari-5.png?fit=1200%2C272&ssl=1&resize=700%2C400 2x, https:\/\/i0.wp.com\/talaiaeskola.eus\/wp-content\/uploads\/2024\/10\/Satarka-Biteri-Bordari-5.png?fit=1200%2C272&ssl=1&resize=1050%2C600 3x"},"classes":[]}],"_links":{"self":[{"href":"https:\/\/talaiaeskola.eus\/es\/wp-json\/wp\/v2\/pages\/1860","targetHints":{"allow":["GET"]}}],"collection":[{"href":"https:\/\/talaiaeskola.eus\/es\/wp-json\/wp\/v2\/pages"}],"about":[{"href":"https:\/\/talaiaeskola.eus\/es\/wp-json\/wp\/v2\/types\/page"}],"author":[{"embeddable":true,"href":"https:\/\/talaiaeskola.eus\/es\/wp-json\/wp\/v2\/users\/241677285"}],"replies":[{"embeddable":true,"href":"https:\/\/talaiaeskola.eus\/es\/wp-json\/wp\/v2\/comments?post=1860"}],"version-history":[{"count":4,"href":"https:\/\/talaiaeskola.eus\/es\/wp-json\/wp\/v2\/pages\/1860\/revisions"}],"predecessor-version":[{"id":2039,"href":"https:\/\/talaiaeskola.eus\/es\/wp-json\/wp\/v2\/pages\/1860\/revisions\/2039"}],"wp:attachment":[{"href":"https:\/\/talaiaeskola.eus\/es\/wp-json\/wp\/v2\/media?parent=1860"}],"curies":[{"name":"wp","href":"https:\/\/api.w.org\/{rel}","templated":true}]}}