{"id":1936,"date":"2024-11-08T15:18:03","date_gmt":"2024-11-08T14:18:03","guid":{"rendered":"https:\/\/talaiaeskola.eus\/mordedores\/"},"modified":"2025-10-29T13:02:42","modified_gmt":"2025-10-29T12:02:42","slug":"mordedores","status":"publish","type":"page","link":"https:\/\/talaiaeskola.eus\/es\/mordedores\/","title":{"rendered":"Biteri"},"content":{"rendered":"\n<div data-wp-interactive=\"core\/file\" class=\"wp-block-file\"><object data-wp-bind--hidden=\"!state.hasPdfPreview\" hidden class=\"wp-block-file__embed\" data=\"https:\/\/talaiaeskola.eus\/wp-content\/uploads\/2025\/10\/2025-26-sarrera-irteerak-Biteri.pdf\" type=\"application\/pdf\" style=\"width:100%;height:600px\" aria-label=\"Incrustado de 2025-26 sarrera irteerak Biteri.\"><\/object><a id=\"wp-block-file--media-8f706c2b-47b5-4163-9aae-dc88a3ee46d8\" href=\"https:\/\/talaiaeskola.eus\/wp-content\/uploads\/2025\/10\/2025-26-sarrera-irteerak-Biteri.pdf\">Entradas y salidas. Biteri 2025-26<\/a><a href=\"https:\/\/talaiaeskola.eus\/wp-content\/uploads\/2025\/10\/2025-26-sarrera-irteerak-Biteri.pdf\" class=\"wp-block-file__button wp-element-button\" download=\"\" aria-describedby=\"wp-block-file--media-8f706c2b-47b5-4163-9aae-dc88a3ee46d8\">Descargar<\/a><\/div>\n","protected":false},"excerpt":{"rendered":"","protected":false},"author":241677285,"featured_media":0,"parent":0,"menu_order":0,"comment_status":"closed","ping_status":"closed","template":"","meta":{"_surecart_dashboard_logo_width":"180px","_surecart_dashboard_show_logo":true,"_surecart_dashboard_navigation_orders":true,"_surecart_dashboard_navigation_invoices":true,"_surecart_dashboard_navigation_subscriptions":true,"_surecart_dashboard_navigation_downloads":true,"_surecart_dashboard_navigation_billing":true,"_surecart_dashboard_navigation_account":true,"_uag_custom_page_level_css":"","site-sidebar-layout":"default","site-content-layout":"","ast-site-content-layout":"default","site-content-style":"default","site-sidebar-style":"default","ast-global-header-display":"","ast-banner-title-visibility":"","ast-main-header-display":"","ast-hfb-above-header-display":"","ast-hfb-below-header-display":"","ast-hfb-mobile-header-display":"","site-post-title":"","ast-breadcrumbs-content":"","ast-featured-img":"","footer-sml-layout":"","theme-transparent-header-meta":"","adv-header-id-meta":"","stick-header-meta":"","header-above-stick-meta":"","header-main-stick-meta":"","header-below-stick-meta":"","astra-migrate-meta-layouts":"default","ast-page-background-enabled":"default","ast-page-background-meta":{"desktop":{"background-color":"var(--ast-global-color-4)","background-image":"","background-repeat":"repeat","background-position":"center center","background-size":"auto","background-attachment":"scroll","background-type":"","background-media":"","overlay-type":"","overlay-color":"","overlay-opacity":"","overlay-gradient":""},"tablet":{"background-color":"","background-image":"","background-repeat":"repeat","background-position":"center center","background-size":"auto","background-attachment":"scroll","background-type":"","background-media":"","overlay-type":"","overlay-color":"","overlay-opacity":"","overlay-gradient":""},"mobile":{"background-color":"","background-image":"","background-repeat":"repeat","background-position":"center center","background-size":"auto","background-attachment":"scroll","background-type":"","background-media":"","overlay-type":"","overlay-color":"","overlay-opacity":"","overlay-gradient":""}},"ast-content-background-meta":{"desktop":{"background-color":"var(--ast-global-color-5)","background-image":"","background-repeat":"repeat","background-position":"center center","background-size":"auto","background-attachment":"scroll","background-type":"","background-media":"","overlay-type":"","overlay-color":"","overlay-opacity":"","overlay-gradient":""},"tablet":{"background-color":"var(--ast-global-color-5)","background-image":"","background-repeat":"repeat","background-position":"center center","background-size":"auto","background-attachment":"scroll","background-type":"","background-media":"","overlay-type":"","overlay-color":"","overlay-opacity":"","overlay-gradient":""},"mobile":{"background-color":"var(--ast-global-color-5)","background-image":"","background-repeat":"repeat","background-position":"center center","background-size":"auto","background-attachment":"scroll","background-type":"","background-media":"","overlay-type":"","overlay-color":"","overlay-opacity":"","overlay-gradient":""}},"advanced_seo_description":"","jetpack_seo_html_title":"","jetpack_seo_noindex":false,"footnotes":""},"class_list":["post-1936","page","type-page","status-publish","hentry"],"uagb_featured_image_src":{"full":false,"thumbnail":false,"medium":false,"medium_large":false,"large":false,"1536x1536":false,"2048x2048":false,"newspack-article-block-landscape-large":false,"newspack-article-block-portrait-large":false,"newspack-article-block-square-large":false,"newspack-article-block-landscape-medium":false,"newspack-article-block-portrait-medium":false,"newspack-article-block-square-medium":false,"newspack-article-block-landscape-intermediate":false,"newspack-article-block-portrait-intermediate":false,"newspack-article-block-square-intermediate":false,"newspack-article-block-landscape-small":false,"newspack-article-block-portrait-small":false,"newspack-article-block-square-small":false,"newspack-article-block-landscape-tiny":false,"newspack-article-block-portrait-tiny":false,"newspack-article-block-square-tiny":false,"newspack-article-block-uncropped":false},"uagb_author_info":{"display_name":"Joxa Darceles Irakasle","author_link":"https:\/\/talaiaeskola.eus\/es\/author\/ir013074ak\/"},"uagb_comment_info":0,"uagb_excerpt":null,"jetpack_likes_enabled":true,"jetpack_sharing_enabled":true,"jetpack_shortlink":"https:\/\/wp.me\/PfA7rq-ve","jetpack-related-posts":[{"id":1940,"url":"https:\/\/talaiaeskola.eus\/es\/satarka\/","url_meta":{"origin":1936,"position":0},"title":"Satarka","author":"Joxa Darceles Irakasle","date":"8 de noviembre de 2024","format":false,"excerpt":"Entradas y salidas. Satarka 2025-26Descargar","rel":"","context":"Entrada similar","block_context":{"text":"Entrada similar","link":""},"img":{"alt_text":"","src":"","width":0,"height":0},"classes":[]},{"id":1286,"url":"https:\/\/talaiaeskola.eus\/biteri\/","url_meta":{"origin":1936,"position":1},"title":"Biteri","author":"Joxa Darceles Irakasle","date":"8 de noviembre de 2024","format":false,"excerpt":"2025-26 sarrera irteerak BiteriDescarga","rel":"","context":"Entrada similar","block_context":{"text":"Entrada similar","link":""},"img":{"alt_text":"","src":"","width":0,"height":0},"classes":[]},{"id":1852,"url":"https:\/\/talaiaeskola.eus\/es\/ubicacion\/","url_meta":{"origin":1936,"position":2},"title":"UBICACI\u00d3N","author":"Joxa Darceles Irakasle","date":"8 de octubre de 2024","format":false,"excerpt":"Nuestra escuela est\u00e1 dividida en tres edificios: Satarka (HH 2-3 a\u00f1os) Biteri (4 y 5 a\u00f1os y 1\u00ba y 2\u00ba grado de primaria) Bordari (de 3\u00ba a 6\u00ba grado de primaria) La Secretar\u00eda est\u00e1 ubicada en el edificio Bordari.","rel":"","context":"Entrada similar","block_context":{"text":"Entrada similar","link":""},"img":{"alt_text":"","src":"","width":0,"height":0},"classes":[]},{"id":2629,"url":"https:\/\/talaiaeskola.eus\/es\/entradas-web\/","url_meta":{"origin":1936,"position":3},"title":"Entradas web","author":"Joxa Darceles Irakasle","date":"20 de octubre de 2025","format":false,"excerpt":"","rel":"","context":"Entrada similar","block_context":{"text":"Entrada similar","link":""},"img":{"alt_text":"","src":"","width":0,"height":0},"classes":[]},{"id":1902,"url":"https:\/\/talaiaeskola.eus\/es\/entradas-de-prueba\/","url_meta":{"origin":1936,"position":4},"title":"Entradas de prueba","author":"Aitzol Idazkaria","date":"28 de enero de 2025","format":false,"excerpt":"\u00a0","rel":"","context":"Entrada similar","block_context":{"text":"Entrada similar","link":""},"img":{"alt_text":"","src":"","width":0,"height":0},"classes":[]},{"id":1922,"url":"https:\/\/talaiaeskola.eus\/es\/hogar-2\/","url_meta":{"origin":1936,"position":5},"title":"Hogar","author":"Aitzol Idazkaria","date":"22 de octubre de 2024","format":false,"excerpt":"Men\u00fa NUESTRA ESCUELA PRESENTACI\u00d3N Contactos UBICACI\u00d3N CUOTAS INFORMACI\u00d3N CALENDARIO HORARIOS DE ENTRADA\/SALIDA Satarka Biteri Bordari RESPONSABILIDADES DE LOS\/LAS DOCENTES EQUIPO DIRECTIVO DISTRIBUCI\u00d3N DE TUTORES TUTORES\/AS DE EDUCACI\u00d3N INFANTIL TUTORES\/AS DE EDUCACI\u00d3N PRIMARIA REGLAS Y FUNCIONAMIENTO SERVICIOS COMEDOR TRANSPORTE SERVICIO DE HAUR ZAINTZA ACTIVIDADES DEL MI\u00c9RCOLES POR LA TARDE ESKOLA KIROLA\u2026","rel":"","context":"Entrada similar","block_context":{"text":"Entrada similar","link":""},"img":{"alt_text":"","src":"https:\/\/i0.wp.com\/talaiaeskola.eus\/wp-content\/uploads\/2024\/10\/Satarka-Biteri-Bordari-5.png?fit=1200%2C272&ssl=1&resize=350%2C200","width":350,"height":200,"srcset":"https:\/\/i0.wp.com\/talaiaeskola.eus\/wp-content\/uploads\/2024\/10\/Satarka-Biteri-Bordari-5.png?fit=1200%2C272&ssl=1&resize=350%2C200 1x, https:\/\/i0.wp.com\/talaiaeskola.eus\/wp-content\/uploads\/2024\/10\/Satarka-Biteri-Bordari-5.png?fit=1200%2C272&ssl=1&resize=525%2C300 1.5x, https:\/\/i0.wp.com\/talaiaeskola.eus\/wp-content\/uploads\/2024\/10\/Satarka-Biteri-Bordari-5.png?fit=1200%2C272&ssl=1&resize=700%2C400 2x, https:\/\/i0.wp.com\/talaiaeskola.eus\/wp-content\/uploads\/2024\/10\/Satarka-Biteri-Bordari-5.png?fit=1200%2C272&ssl=1&resize=1050%2C600 3x"},"classes":[]}],"_links":{"self":[{"href":"https:\/\/talaiaeskola.eus\/es\/wp-json\/wp\/v2\/pages\/1936","targetHints":{"allow":["GET"]}}],"collection":[{"href":"https:\/\/talaiaeskola.eus\/es\/wp-json\/wp\/v2\/pages"}],"about":[{"href":"https:\/\/talaiaeskola.eus\/es\/wp-json\/wp\/v2\/types\/page"}],"author":[{"embeddable":true,"href":"https:\/\/talaiaeskola.eus\/es\/wp-json\/wp\/v2\/users\/241677285"}],"replies":[{"embeddable":true,"href":"https:\/\/talaiaeskola.eus\/es\/wp-json\/wp\/v2\/comments?post=1936"}],"version-history":[{"count":5,"href":"https:\/\/talaiaeskola.eus\/es\/wp-json\/wp\/v2\/pages\/1936\/revisions"}],"predecessor-version":[{"id":2764,"href":"https:\/\/talaiaeskola.eus\/es\/wp-json\/wp\/v2\/pages\/1936\/revisions\/2764"}],"wp:attachment":[{"href":"https:\/\/talaiaeskola.eus\/es\/wp-json\/wp\/v2\/media?parent=1936"}],"curies":[{"name":"wp","href":"https:\/\/api.w.org\/{rel}","templated":true}]}}