{"id":1947,"date":"2024-10-08T17:31:50","date_gmt":"2024-10-08T15:31:50","guid":{"rendered":"https:\/\/talaiaeskola.eus\/proyectos\/"},"modified":"2025-10-29T12:56:44","modified_gmt":"2025-10-29T11:56:44","slug":"proyectos","status":"publish","type":"page","link":"https:\/\/talaiaeskola.eus\/es\/proyectos\/","title":{"rendered":"PROYECTOS"},"content":{"rendered":"\n<p><strong>Proyectos escolares<\/strong> <br\/> <\/p>\n\n<ul class=\"wp-block-list\">\n<li><strong>PROYECTO DIGITAL DE SARE HEZKUNTZA:<\/strong> La combinaci\u00f3n de las tecnolog\u00edas de la informaci\u00f3n y la comunicaci\u00f3n en los procesos de ense\u00f1anza-aprendizaje. Continuaremos el proceso que iniciamos para digitalizar el colegio en el curso 2016\/2017. <a href=\"https:\/\/drive.google.com\/file\/d\/1KonSz1p2S8GhSCUp1GCoxPYhqzCKDZKR\/view\" target=\"_blank\" rel=\"noreferrer noopener\">El IPD<\/a> se complet\u00f3 el a\u00f1o pasado.   <\/li>\n\n\n\n<li>Continuaremos con <strong>el proyecto IKKI<\/strong> (aprender a cooperar, aprender cooperando), fomentando el trabajo en equipo.  <\/li>\n\n\n\n<li>Dentro <strong>del proyecto AGENDA ESCOLAR 30<\/strong> , se abordar\u00e1 el tema de la \u201cENERG\u00cdA\u201d, tanto en la escuela como en el valle.  <\/li>\n\n\n\n<li><strong>MEDIATEKA:<\/strong> Bordarin liburutegi zerbitzua dago. Liburuak etxera eraman daitezke maileguan.&nbsp;\n<ul class=\"wp-block-list\">\n<li>Blog de Mediateka: <a href=\"http:\/\/talaiamediateka.blogspot.com\/\" target=\"_blank\" rel=\"noreferrer noopener\">http:\/\/talaiamediateka.blogspot.com<\/a> <\/li>\n<\/ul>\n<\/li>\n\n\n\n<li><strong>BIDELAGUNA:<\/strong> Es un apoyo dirigido al alumnado de 5\u00ba y 6\u00ba de Educaci\u00f3n Primaria que cumplan los requisitos establecidos por el Departamento de Educaci\u00f3n. Un profesor despu\u00e9s de la escuela brindar\u00e1 ayuda con las tareas escolares al mediod\u00eda y reforzar\u00e1 lo que se ha trabajado en clase.     <\/li>\n\n\n\n<li><strong>HIPI:<\/strong> Programa de refuerzo ling\u00fc\u00edstico para estudiantes reci\u00e9n llegados del extranjero o de otra comunidad.  <\/li>\n<\/ul>\n","protected":false},"excerpt":{"rendered":"<p>Proyectos escolares<\/p>\n","protected":false},"author":241677285,"featured_media":0,"parent":0,"menu_order":0,"comment_status":"closed","ping_status":"closed","template":"","meta":{"_surecart_dashboard_logo_width":"180px","_surecart_dashboard_show_logo":true,"_surecart_dashboard_navigation_orders":true,"_surecart_dashboard_navigation_invoices":true,"_surecart_dashboard_navigation_subscriptions":true,"_surecart_dashboard_navigation_downloads":true,"_surecart_dashboard_navigation_billing":true,"_surecart_dashboard_navigation_account":true,"_uag_custom_page_level_css":"","site-sidebar-layout":"default","site-content-layout":"","ast-site-content-layout":"default","site-content-style":"default","site-sidebar-style":"default","ast-global-header-display":"","ast-banner-title-visibility":"","ast-main-header-display":"","ast-hfb-above-header-display":"","ast-hfb-below-header-display":"","ast-hfb-mobile-header-display":"","site-post-title":"","ast-breadcrumbs-content":"","ast-featured-img":"","footer-sml-layout":"","theme-transparent-header-meta":"","adv-header-id-meta":"","stick-header-meta":"","header-above-stick-meta":"","header-main-stick-meta":"","header-below-stick-meta":"","astra-migrate-meta-layouts":"default","ast-page-background-enabled":"default","ast-page-background-meta":{"desktop":{"background-color":"var(--ast-global-color-4)","background-image":"","background-repeat":"repeat","background-position":"center center","background-size":"auto","background-attachment":"scroll","background-type":"","background-media":"","overlay-type":"","overlay-color":"","overlay-opacity":"","overlay-gradient":""},"tablet":{"background-color":"","background-image":"","background-repeat":"repeat","background-position":"center center","background-size":"auto","background-attachment":"scroll","background-type":"","background-media":"","overlay-type":"","overlay-color":"","overlay-opacity":"","overlay-gradient":""},"mobile":{"background-color":"","background-image":"","background-repeat":"repeat","background-position":"center center","background-size":"auto","background-attachment":"scroll","background-type":"","background-media":"","overlay-type":"","overlay-color":"","overlay-opacity":"","overlay-gradient":""}},"ast-content-background-meta":{"desktop":{"background-color":"var(--ast-global-color-5)","background-image":"","background-repeat":"repeat","background-position":"center center","background-size":"auto","background-attachment":"scroll","background-type":"","background-media":"","overlay-type":"","overlay-color":"","overlay-opacity":"","overlay-gradient":""},"tablet":{"background-color":"var(--ast-global-color-5)","background-image":"","background-repeat":"repeat","background-position":"center center","background-size":"auto","background-attachment":"scroll","background-type":"","background-media":"","overlay-type":"","overlay-color":"","overlay-opacity":"","overlay-gradient":""},"mobile":{"background-color":"var(--ast-global-color-5)","background-image":"","background-repeat":"repeat","background-position":"center center","background-size":"auto","background-attachment":"scroll","background-type":"","background-media":"","overlay-type":"","overlay-color":"","overlay-opacity":"","overlay-gradient":""}},"advanced_seo_description":"","jetpack_seo_html_title":"","jetpack_seo_noindex":false,"footnotes":""},"class_list":["post-1947","page","type-page","status-publish","hentry"],"uagb_featured_image_src":{"full":false,"thumbnail":false,"medium":false,"medium_large":false,"large":false,"1536x1536":false,"2048x2048":false,"newspack-article-block-landscape-large":false,"newspack-article-block-portrait-large":false,"newspack-article-block-square-large":false,"newspack-article-block-landscape-medium":false,"newspack-article-block-portrait-medium":false,"newspack-article-block-square-medium":false,"newspack-article-block-landscape-intermediate":false,"newspack-article-block-portrait-intermediate":false,"newspack-article-block-square-intermediate":false,"newspack-article-block-landscape-small":false,"newspack-article-block-portrait-small":false,"newspack-article-block-square-small":false,"newspack-article-block-landscape-tiny":false,"newspack-article-block-portrait-tiny":false,"newspack-article-block-square-tiny":false,"newspack-article-block-uncropped":false},"uagb_author_info":{"display_name":"Joxa Darceles Irakasle","author_link":"https:\/\/talaiaeskola.eus\/es\/author\/ir013074ak\/"},"uagb_comment_info":0,"uagb_excerpt":"Proyectos escolares","jetpack_likes_enabled":true,"jetpack_sharing_enabled":true,"jetpack_shortlink":"https:\/\/wp.me\/PfA7rq-vp","jetpack-related-posts":[{"id":1955,"url":"https:\/\/talaiaeskola.eus\/es\/deportes-escolares\/","url_meta":{"origin":1947,"position":0},"title":"ESKOLA KIROLA","author":"Joxa Darceles Irakasle","date":"8 de octubre de 2024","format":false,"excerpt":"Esta actividad est\u00e1 regulada por la Diputaci\u00f3n Provincial y organizada por el Ayuntamiento de Hondarribia, equipos deportivos y colegios. Aunque la inscripci\u00f3n es opcional, el colegio entiende que la pr\u00e1ctica deportiva contribuye a fomentar la formaci\u00f3n general del ni\u00f1o, el desarrollo equilibrado de su personalidad y h\u00e1bitos saludables de vida,\u2026","rel":"","context":"Entrada similar","block_context":{"text":"Entrada similar","link":""},"img":{"alt_text":"","src":"","width":0,"height":0},"classes":[]},{"id":1943,"url":"https:\/\/talaiaeskola.eus\/es\/acciones-para-la-promocion-del-euskera\/","url_meta":{"origin":1947,"position":1},"title":"ACCIONES PARA LA PROMOCI\u00d3N DEL EUSKERA","author":"Joxa Darceles Irakasle","date":"8 de octubre de 2024","format":false,"excerpt":"RADIO: Este es un proyecto que se trabaja en toda la Educaci\u00f3n Primaria. Los ni\u00f1os y ni\u00f1as de 1\u00ba a 4\u00ba grado participan en los programas de radio y se transmiten en vivo en el sitio web de la escuela. Pod\u00e9is escuchar las sesiones en la web del colegio accediendo\u2026","rel":"","context":"Entrada similar","block_context":{"text":"Entrada similar","link":""},"img":{"alt_text":"","src":"","width":0,"height":0},"classes":[]},{"id":1970,"url":"https:\/\/talaiaeskola.eus\/es\/transporte\/","url_meta":{"origin":1947,"position":2},"title":"TRANSPORTE","author":"Joxa Darceles Irakasle","date":"8 de octubre de 2024","format":false,"excerpt":"S\u00f3lo tienen derecho a utilizar el servicio de transporte aquellos que vivan a m\u00e1s de 2 kil\u00f3metros del edificio del colegio. El servicio se proporciona de forma gratuita. Cada autob\u00fas, adem\u00e1s del conductor, tiene un supervisor. Si los estudiantes llegan a la escuela antes de la hora de inicio programada,\u2026","rel":"","context":"Entrada similar","block_context":{"text":"Entrada similar","link":""},"img":{"alt_text":"","src":"","width":0,"height":0},"classes":[]},{"id":1951,"url":"https:\/\/talaiaeskola.eus\/es\/comedor\/","url_meta":{"origin":1947,"position":3},"title":"COMEDOR","author":"Joxa Darceles Irakasle","date":"8 de octubre de 2024","format":false,"excerpt":"Men\u00fas diarios Reglamento de Comedor pinchando aqu\u00ed Es imprescindible respetar el horario de comedor (12:30-14:30). Teniendo en cuenta el gran n\u00famero de alumnos (hay diferentes turnos de comida en los comedores y la organizaci\u00f3n del comedor es muy compleja), los alumnos no podr\u00e1n salir del comedor durante este horario. Entonces,\u2026","rel":"","context":"Entrada similar","block_context":{"text":"Entrada similar","link":""},"img":{"alt_text":"MEN\u00daS DIARIOS","src":"https:\/\/i0.wp.com\/talaiaeskola.eus\/wp-content\/uploads\/2024\/11\/menua1.jpg?resize=350%2C200&ssl=1","width":350,"height":200},"classes":[]},{"id":1964,"url":"https:\/\/talaiaeskola.eus\/es\/cuidado-de-los-ninos\/","url_meta":{"origin":1947,"position":4},"title":"SERVICIO DE HAUR ZAINTZA","author":"Joxa Darceles Irakasle","date":"8 de octubre de 2024","format":false,"excerpt":"Este servicio ha sido organizado para dar una soluci\u00f3n a los horarios de trabajo de los\/las padres\/madres cuando no coinciden con sus horarios de entrada. El servicio de cuidado infantil est\u00e1 organizado por la Asociaci\u00f3n de Padres y Familias y est\u00e1 dirigido a los alumnos de Satarka y Biteri. Horario:\u2026","rel":"","context":"Entrada similar","block_context":{"text":"Entrada similar","link":""},"img":{"alt_text":"","src":"","width":0,"height":0},"classes":[]},{"id":1959,"url":"https:\/\/talaiaeskola.eus\/es\/actividades-del-miercoles-por-la-tarde\/","url_meta":{"origin":1947,"position":5},"title":"ACTIVIDADES DEL MI\u00c9RCOLES POR LA TARDE","author":"Joxa Darceles Irakasle","date":"8 de octubre de 2024","format":false,"excerpt":"Organizadas por la Asociaci\u00f3n de Padres y Familias, se ofrecen actividades extraescolares en Biteri y Bordari. Los talleres comenzar\u00e1n el 1 de octubre y finalizar\u00e1n el 27 de mayo. El compromiso es para todo el a\u00f1o. En caso de cancelaci\u00f3n, se seguir\u00e1n cobrando las tasas hasta el final del a\u00f1o\u2026","rel":"","context":"Entrada similar","block_context":{"text":"Entrada similar","link":""},"img":{"alt_text":"","src":"","width":0,"height":0},"classes":[]}],"_links":{"self":[{"href":"https:\/\/talaiaeskola.eus\/es\/wp-json\/wp\/v2\/pages\/1947","targetHints":{"allow":["GET"]}}],"collection":[{"href":"https:\/\/talaiaeskola.eus\/es\/wp-json\/wp\/v2\/pages"}],"about":[{"href":"https:\/\/talaiaeskola.eus\/es\/wp-json\/wp\/v2\/types\/page"}],"author":[{"embeddable":true,"href":"https:\/\/talaiaeskola.eus\/es\/wp-json\/wp\/v2\/users\/241677285"}],"replies":[{"embeddable":true,"href":"https:\/\/talaiaeskola.eus\/es\/wp-json\/wp\/v2\/comments?post=1947"}],"version-history":[{"count":9,"href":"https:\/\/talaiaeskola.eus\/es\/wp-json\/wp\/v2\/pages\/1947\/revisions"}],"predecessor-version":[{"id":2760,"href":"https:\/\/talaiaeskola.eus\/es\/wp-json\/wp\/v2\/pages\/1947\/revisions\/2760"}],"wp:attachment":[{"href":"https:\/\/talaiaeskola.eus\/es\/wp-json\/wp\/v2\/media?parent=1947"}],"curies":[{"name":"wp","href":"https:\/\/api.w.org\/{rel}","templated":true}]}}