{"id":1950,"date":"2024-10-08T17:31:50","date_gmt":"2024-10-08T15:31:50","guid":{"rendered":"https:\/\/talaiaeskola.eus\/actividades-acuaticas-de-junio\/"},"modified":"2025-02-06T12:25:30","modified_gmt":"2025-02-06T11:25:30","slug":"actividades-acuaticas-de-junio","status":"publish","type":"page","link":"https:\/\/talaiaeskola.eus\/es\/actividades-acuaticas-de-junio\/","title":{"rendered":"ACTIVIDADES ACU\u00c1TICAS DE JUNIO"},"content":{"rendered":"\n<p>En junio, cuando la jornada es solo matutina, se ofrecen diversas actividades acu\u00e1ticas a los estudiantes de Bordari. Adem\u00e1s, el formulario de inscripci\u00f3n para cada a\u00f1o acad\u00e9mico se env\u00eda a:<\/p>\n\n<div class=\"wp-block-group is-layout-constrained wp-block-group-is-layout-constrained\">\n<ul class=\"wp-block-list\">\n<li>LH3: Navegaci\u00f3n (CNH)<\/li>\n\n\n\n<li>LH4: Tabla de surf de remo (HS2)<\/li>\n\n\n\n<li>Grado 5: Surf (Central Surf)<\/li>\n\n\n\n<li>LH6: Canoa y\/o remo (en el Club de Remo)<\/li>\n<\/ul>\n<\/div>\n\n<p><\/p>\n","protected":false},"excerpt":{"rendered":"<p>En junio, cuando la jornada es solo matutina, se ofrecen diversas actividades acu\u00e1ticas a los estudiantes de Bordari. Adem\u00e1s, el [&hellip;]<\/p>\n","protected":false},"author":241677285,"featured_media":0,"parent":0,"menu_order":0,"comment_status":"closed","ping_status":"closed","template":"","meta":{"_surecart_dashboard_logo_width":"180px","_surecart_dashboard_show_logo":true,"_surecart_dashboard_navigation_orders":true,"_surecart_dashboard_navigation_invoices":true,"_surecart_dashboard_navigation_subscriptions":true,"_surecart_dashboard_navigation_downloads":true,"_surecart_dashboard_navigation_billing":true,"_surecart_dashboard_navigation_account":true,"_uag_custom_page_level_css":"","site-sidebar-layout":"default","site-content-layout":"","ast-site-content-layout":"default","site-content-style":"default","site-sidebar-style":"default","ast-global-header-display":"","ast-banner-title-visibility":"","ast-main-header-display":"","ast-hfb-above-header-display":"","ast-hfb-below-header-display":"","ast-hfb-mobile-header-display":"","site-post-title":"","ast-breadcrumbs-content":"","ast-featured-img":"","footer-sml-layout":"","theme-transparent-header-meta":"","adv-header-id-meta":"","stick-header-meta":"","header-above-stick-meta":"","header-main-stick-meta":"","header-below-stick-meta":"","astra-migrate-meta-layouts":"default","ast-page-background-enabled":"default","ast-page-background-meta":{"desktop":{"background-color":"var(--ast-global-color-4)","background-image":"","background-repeat":"repeat","background-position":"center center","background-size":"auto","background-attachment":"scroll","background-type":"","background-media":"","overlay-type":"","overlay-color":"","overlay-opacity":"","overlay-gradient":""},"tablet":{"background-color":"","background-image":"","background-repeat":"repeat","background-position":"center center","background-size":"auto","background-attachment":"scroll","background-type":"","background-media":"","overlay-type":"","overlay-color":"","overlay-opacity":"","overlay-gradient":""},"mobile":{"background-color":"","background-image":"","background-repeat":"repeat","background-position":"center center","background-size":"auto","background-attachment":"scroll","background-type":"","background-media":"","overlay-type":"","overlay-color":"","overlay-opacity":"","overlay-gradient":""}},"ast-content-background-meta":{"desktop":{"background-color":"var(--ast-global-color-5)","background-image":"","background-repeat":"repeat","background-position":"center center","background-size":"auto","background-attachment":"scroll","background-type":"","background-media":"","overlay-type":"","overlay-color":"","overlay-opacity":"","overlay-gradient":""},"tablet":{"background-color":"var(--ast-global-color-5)","background-image":"","background-repeat":"repeat","background-position":"center center","background-size":"auto","background-attachment":"scroll","background-type":"","background-media":"","overlay-type":"","overlay-color":"","overlay-opacity":"","overlay-gradient":""},"mobile":{"background-color":"var(--ast-global-color-5)","background-image":"","background-repeat":"repeat","background-position":"center center","background-size":"auto","background-attachment":"scroll","background-type":"","background-media":"","overlay-type":"","overlay-color":"","overlay-opacity":"","overlay-gradient":""}},"advanced_seo_description":"","jetpack_seo_html_title":"","jetpack_seo_noindex":false,"footnotes":""},"class_list":["post-1950","page","type-page","status-publish","hentry"],"uagb_featured_image_src":{"full":false,"thumbnail":false,"medium":false,"medium_large":false,"large":false,"1536x1536":false,"2048x2048":false,"newspack-article-block-landscape-large":false,"newspack-article-block-portrait-large":false,"newspack-article-block-square-large":false,"newspack-article-block-landscape-medium":false,"newspack-article-block-portrait-medium":false,"newspack-article-block-square-medium":false,"newspack-article-block-landscape-intermediate":false,"newspack-article-block-portrait-intermediate":false,"newspack-article-block-square-intermediate":false,"newspack-article-block-landscape-small":false,"newspack-article-block-portrait-small":false,"newspack-article-block-square-small":false,"newspack-article-block-landscape-tiny":false,"newspack-article-block-portrait-tiny":false,"newspack-article-block-square-tiny":false,"newspack-article-block-uncropped":false},"uagb_author_info":{"display_name":"Joxa Darceles Irakasle","author_link":"https:\/\/talaiaeskola.eus\/es\/author\/ir013074ak\/"},"uagb_comment_info":0,"uagb_excerpt":"En junio, cuando la jornada es solo matutina, se ofrecen diversas actividades acu\u00e1ticas a los estudiantes de Bordari. Adem\u00e1s, el [&hellip;]","jetpack_likes_enabled":true,"jetpack_sharing_enabled":true,"jetpack_shortlink":"https:\/\/wp.me\/PfA7rq-vs","jetpack-related-posts":[{"id":1959,"url":"https:\/\/talaiaeskola.eus\/es\/actividades-del-miercoles-por-la-tarde\/","url_meta":{"origin":1950,"position":0},"title":"ACTIVIDADES DEL MI\u00c9RCOLES POR LA TARDE","author":"Joxa Darceles Irakasle","date":"8 de octubre de 2024","format":false,"excerpt":"Organizadas por la Asociaci\u00f3n de Padres y Familias, se ofrecen actividades extraescolares en Biteri y Bordari. Los talleres comenzar\u00e1n el 1 de octubre y finalizar\u00e1n el 27 de mayo. El compromiso es para todo el a\u00f1o. En caso de cancelaci\u00f3n, se seguir\u00e1n cobrando las tasas hasta el final del a\u00f1o\u2026","rel":"","context":"Entrada similar","block_context":{"text":"Entrada similar","link":""},"img":{"alt_text":"","src":"","width":0,"height":0},"classes":[]},{"id":1935,"url":"https:\/\/talaiaeskola.eus\/es\/asociacion-de-familias-y-padres\/","url_meta":{"origin":1950,"position":1},"title":"ASOCIACI\u00d3N DE PADRES-MADRES Y FAMILIAS","author":"Joxa Darceles Irakasle","date":"8 de octubre de 2024","format":false,"excerpt":"La Asociaci\u00f3n de Padres\/Madres y Familiares es el \u00f3rgano que representa a las familias del colegio. Un \u00f3rgano que permite la participaci\u00f3n en los \u00f3rganos de gesti\u00f3n y decisiones del centro. \u00bfQu\u00e9 hace la Asociaci\u00f3n de Padres y Familias? Organiza y gestiona las siguientes actividades: Conferencias de padres, formaciones... Cuidado\u2026","rel":"","context":"Entrada similar","block_context":{"text":"Entrada similar","link":""},"img":{"alt_text":"","src":"","width":0,"height":0},"classes":[]},{"id":1943,"url":"https:\/\/talaiaeskola.eus\/es\/acciones-para-la-promocion-del-euskera\/","url_meta":{"origin":1950,"position":2},"title":"ACCIONES PARA LA PROMOCI\u00d3N DEL EUSKERA","author":"Joxa Darceles Irakasle","date":"8 de octubre de 2024","format":false,"excerpt":"RADIO: Este es un proyecto que se trabaja en toda la Educaci\u00f3n Primaria. Los ni\u00f1os y ni\u00f1as de 1\u00ba a 4\u00ba grado participan en los programas de radio y se transmiten en vivo en el sitio web de la escuela. Pod\u00e9is escuchar las sesiones en la web del colegio accediendo\u2026","rel":"","context":"Entrada similar","block_context":{"text":"Entrada similar","link":""},"img":{"alt_text":"","src":"","width":0,"height":0},"classes":[]},{"id":1951,"url":"https:\/\/talaiaeskola.eus\/es\/comedor\/","url_meta":{"origin":1950,"position":3},"title":"COMEDOR","author":"Joxa Darceles Irakasle","date":"8 de octubre de 2024","format":false,"excerpt":"Men\u00fas diarios Reglamento de Comedor pinchando aqu\u00ed Es imprescindible respetar el horario de comedor (12:30-14:30). Teniendo en cuenta el gran n\u00famero de alumnos (hay diferentes turnos de comida en los comedores y la organizaci\u00f3n del comedor es muy compleja), los alumnos no podr\u00e1n salir del comedor durante este horario. Entonces,\u2026","rel":"","context":"Entrada similar","block_context":{"text":"Entrada similar","link":""},"img":{"alt_text":"MEN\u00daS DIARIOS","src":"https:\/\/i0.wp.com\/talaiaeskola.eus\/wp-content\/uploads\/2024\/11\/menua1.jpg?resize=350%2C200&ssl=1","width":350,"height":200},"classes":[]},{"id":1964,"url":"https:\/\/talaiaeskola.eus\/es\/cuidado-de-los-ninos\/","url_meta":{"origin":1950,"position":4},"title":"SERVICIO DE HAUR ZAINTZA","author":"Joxa Darceles Irakasle","date":"8 de octubre de 2024","format":false,"excerpt":"Este servicio ha sido organizado para dar una soluci\u00f3n a los horarios de trabajo de los\/las padres\/madres cuando no coinciden con sus horarios de entrada. El servicio de cuidado infantil est\u00e1 organizado por la Asociaci\u00f3n de Padres y Familias y est\u00e1 dirigido a los alumnos de Satarka y Biteri. Horario:\u2026","rel":"","context":"Entrada similar","block_context":{"text":"Entrada similar","link":""},"img":{"alt_text":"","src":"","width":0,"height":0},"classes":[]},{"id":1955,"url":"https:\/\/talaiaeskola.eus\/es\/deportes-escolares\/","url_meta":{"origin":1950,"position":5},"title":"ESKOLA KIROLA","author":"Joxa Darceles Irakasle","date":"8 de octubre de 2024","format":false,"excerpt":"Esta actividad est\u00e1 regulada por la Diputaci\u00f3n Provincial y organizada por el Ayuntamiento de Hondarribia, equipos deportivos y colegios. Aunque la inscripci\u00f3n es opcional, el colegio entiende que la pr\u00e1ctica deportiva contribuye a fomentar la formaci\u00f3n general del ni\u00f1o, el desarrollo equilibrado de su personalidad y h\u00e1bitos saludables de vida,\u2026","rel":"","context":"Entrada similar","block_context":{"text":"Entrada similar","link":""},"img":{"alt_text":"","src":"","width":0,"height":0},"classes":[]}],"_links":{"self":[{"href":"https:\/\/talaiaeskola.eus\/es\/wp-json\/wp\/v2\/pages\/1950","targetHints":{"allow":["GET"]}}],"collection":[{"href":"https:\/\/talaiaeskola.eus\/es\/wp-json\/wp\/v2\/pages"}],"about":[{"href":"https:\/\/talaiaeskola.eus\/es\/wp-json\/wp\/v2\/types\/page"}],"author":[{"embeddable":true,"href":"https:\/\/talaiaeskola.eus\/es\/wp-json\/wp\/v2\/users\/241677285"}],"replies":[{"embeddable":true,"href":"https:\/\/talaiaeskola.eus\/es\/wp-json\/wp\/v2\/comments?post=1950"}],"version-history":[{"count":4,"href":"https:\/\/talaiaeskola.eus\/es\/wp-json\/wp\/v2\/pages\/1950\/revisions"}],"predecessor-version":[{"id":2027,"href":"https:\/\/talaiaeskola.eus\/es\/wp-json\/wp\/v2\/pages\/1950\/revisions\/2027"}],"wp:attachment":[{"href":"https:\/\/talaiaeskola.eus\/es\/wp-json\/wp\/v2\/media?parent=1950"}],"curies":[{"name":"wp","href":"https:\/\/api.w.org\/{rel}","templated":true}]}}