{"id":1955,"date":"2024-10-08T17:31:50","date_gmt":"2024-10-08T15:31:50","guid":{"rendered":"https:\/\/talaiaeskola.eus\/deportes-escolares\/"},"modified":"2025-02-06T12:31:56","modified_gmt":"2025-02-06T11:31:56","slug":"deportes-escolares","status":"publish","type":"page","link":"https:\/\/talaiaeskola.eus\/es\/deportes-escolares\/","title":{"rendered":"ESKOLA KIROLA"},"content":{"rendered":"\n<p>Esta actividad est\u00e1 regulada por la Diputaci\u00f3n Provincial y organizada por el Ayuntamiento de Hondarribia, equipos deportivos y colegios. Aunque la inscripci\u00f3n es opcional, el colegio entiende que la pr\u00e1ctica deportiva contribuye a fomentar la formaci\u00f3n general del ni\u00f1o, el desarrollo equilibrado de su personalidad y h\u00e1bitos saludables de vida, por lo que fomenta la participaci\u00f3n.  <\/p>\n\n<p>La diversidad deportiva, el conocimiento de los diferentes deportes, la promoci\u00f3n de su pr\u00e1ctica con vistas al futuro, la consecuci\u00f3n de un equilibrio entre participaci\u00f3n y competici\u00f3n son algunos de los objetivos del deporte escolar.  <\/p>\n\n<p><strong>Pre-Benjamines (LH1-LH2).<\/strong>  El objetivo principal de estas actividades es desarrollar las habilidades generales del movimiento e inculcar valores educativos en estas primeras edades. El objetivo es conseguir una mayor paridad entre ni\u00f1os y ni\u00f1as, ganar experiencia en actividades coordinadas y r\u00edtmicas y evitar que abandonen el deporte durante la adolescencia.  <\/p>\n\n<p>Dado que en el colegio se ofertan juegos cooperativos y est\u00e1n en l\u00ednea con los objetivos de la Diputaci\u00f3n, este ser\u00e1 el deporte escolar que Talaia ofrecer\u00e1 para los alumnos de primer a\u00f1o.  <\/p>\n\n<p>Habr\u00e1 dos tipos de deportes:  <\/p>\n\n<div class=\"wp-block-group is-layout-constrained wp-block-group-is-layout-constrained\">\n<ul class=\"wp-block-list\">\n<li>Deportes de equipo: balonmano, baloncesto, rugby, voleibol y f\u00fatbol.  <\/li>\n<\/ul>\n\n\n\n<ul class=\"wp-block-list\">\n<li>Deportes individuales: Atletismo y Balonmano.  <\/li>\n<\/ul>\n<\/div>\n\n<p>Horarios de entrenamiento:  <\/p>\n\n<p>Pre-Benjamines (LH1 y LH2):  <\/p>\n\n<p>Mi\u00e9rcoles, en Biteri de 14:30 a 16:30 horas.  <\/p>\n\n<div style=\"height:59px\" aria-hidden=\"true\" class=\"wp-block-spacer\"><\/div>\n\n<p><strong>Benjamines (LH3 y LH4): <\/strong><\/p>\n\n<p>Los lunes y mi\u00e9rcoles  <\/p>\n\n<p>16:30-17:30 Los que entrenan en Bordari.  <\/p>\n\n<p>16.45-17:45 Quienes entrenan en el Instituto, Centro Deportivo o Biteri.  <\/p>\n\n<div style=\"height:67px\" aria-hidden=\"true\" class=\"wp-block-spacer\"><\/div>\n\n<p><strong>Alevines (LH5 y LH6):  <\/strong><\/p>\n\n<p>Martes y jueves  <\/p>\n\n<p>16:30-17:30 Los que entrenan en Bordari.  <\/p>\n\n<p>16.45-17:45 Quienes entrenan en el Instituto, Polideportivo o Biteri.  <\/p>\n\n<div style=\"height:61px\" aria-hidden=\"true\" class=\"wp-block-spacer\"><\/div>\n\n<p>Talaia no participa en el campeonato de Gipuzkoa de f\u00fatbol.  <\/p>\n\n<p>Los estudiantes interesados \u200b\u200bpueden registrarse rellenando el formulario a trav\u00e9s de Inika. El \u00faltimo d\u00eda ser\u00e1 el 18 de septiembre.  <\/p>\n\n<p>En los d\u00edas que s\u00f3lo hay horario de ma\u00f1ana no habr\u00e1 Eskola Kirola por la tarde. <\/p>\n\n<p>La cuota de deporte escolar ser\u00e1 de 25 euros al mes y habr\u00e1 un total de 8 cuotas. Los recibos se enviar\u00e1n a principios de mes. La primera entrega se realizar\u00e1 en octubre.  <\/p>\n\n<p>Si hay actitudes negativas o si no se abona el pago del servicio en el plazo de 2 meses (en la Asociaci\u00f3n de Padres-Familiares o en el colegio), se suspender\u00e1 el servicio. Para poder participar en el deporte escolar ser\u00e1 imprescindible haber abonado el importe \u00edntegro de a\u00f1os anteriores (colegio y Asociaci\u00f3n de Padres y Madres).  <\/p>\n\n<p>Jon De Goiburu ser\u00e1 el responsable de Eskola Kirola. Para contactar con nosotros puedes hacerlo a trav\u00e9s de <strong>ir013378bi@talaiaeskola.com<\/strong> . Los deportes escolares comienzan en octubre y finalizan en mayo y el compromiso es durante todo el a\u00f1o.  <\/p>\n","protected":false},"excerpt":{"rendered":"<p>Esta actividad est\u00e1 regulada por la Diputaci\u00f3n Provincial y organizada por el Ayuntamiento de Hondarribia, equipos deportivos y colegios. Aunque [&hellip;]<\/p>\n","protected":false},"author":241677285,"featured_media":0,"parent":0,"menu_order":0,"comment_status":"closed","ping_status":"closed","template":"","meta":{"_surecart_dashboard_logo_width":"180px","_surecart_dashboard_show_logo":true,"_surecart_dashboard_navigation_orders":true,"_surecart_dashboard_navigation_invoices":true,"_surecart_dashboard_navigation_subscriptions":true,"_surecart_dashboard_navigation_downloads":true,"_surecart_dashboard_navigation_billing":true,"_surecart_dashboard_navigation_account":true,"_uag_custom_page_level_css":"","site-sidebar-layout":"default","site-content-layout":"","ast-site-content-layout":"default","site-content-style":"default","site-sidebar-style":"default","ast-global-header-display":"","ast-banner-title-visibility":"","ast-main-header-display":"","ast-hfb-above-header-display":"","ast-hfb-below-header-display":"","ast-hfb-mobile-header-display":"","site-post-title":"","ast-breadcrumbs-content":"","ast-featured-img":"","footer-sml-layout":"","theme-transparent-header-meta":"","adv-header-id-meta":"","stick-header-meta":"","header-above-stick-meta":"","header-main-stick-meta":"","header-below-stick-meta":"","astra-migrate-meta-layouts":"default","ast-page-background-enabled":"default","ast-page-background-meta":{"desktop":{"background-color":"var(--ast-global-color-4)","background-image":"","background-repeat":"repeat","background-position":"center center","background-size":"auto","background-attachment":"scroll","background-type":"","background-media":"","overlay-type":"","overlay-color":"","overlay-opacity":"","overlay-gradient":""},"tablet":{"background-color":"","background-image":"","background-repeat":"repeat","background-position":"center center","background-size":"auto","background-attachment":"scroll","background-type":"","background-media":"","overlay-type":"","overlay-color":"","overlay-opacity":"","overlay-gradient":""},"mobile":{"background-color":"","background-image":"","background-repeat":"repeat","background-position":"center center","background-size":"auto","background-attachment":"scroll","background-type":"","background-media":"","overlay-type":"","overlay-color":"","overlay-opacity":"","overlay-gradient":""}},"ast-content-background-meta":{"desktop":{"background-color":"var(--ast-global-color-5)","background-image":"","background-repeat":"repeat","background-position":"center center","background-size":"auto","background-attachment":"scroll","background-type":"","background-media":"","overlay-type":"","overlay-color":"","overlay-opacity":"","overlay-gradient":""},"tablet":{"background-color":"var(--ast-global-color-5)","background-image":"","background-repeat":"repeat","background-position":"center center","background-size":"auto","background-attachment":"scroll","background-type":"","background-media":"","overlay-type":"","overlay-color":"","overlay-opacity":"","overlay-gradient":""},"mobile":{"background-color":"var(--ast-global-color-5)","background-image":"","background-repeat":"repeat","background-position":"center center","background-size":"auto","background-attachment":"scroll","background-type":"","background-media":"","overlay-type":"","overlay-color":"","overlay-opacity":"","overlay-gradient":""}},"advanced_seo_description":"","jetpack_seo_html_title":"","jetpack_seo_noindex":false,"footnotes":""},"class_list":["post-1955","page","type-page","status-publish","hentry"],"uagb_featured_image_src":{"full":false,"thumbnail":false,"medium":false,"medium_large":false,"large":false,"1536x1536":false,"2048x2048":false,"newspack-article-block-landscape-large":false,"newspack-article-block-portrait-large":false,"newspack-article-block-square-large":false,"newspack-article-block-landscape-medium":false,"newspack-article-block-portrait-medium":false,"newspack-article-block-square-medium":false,"newspack-article-block-landscape-intermediate":false,"newspack-article-block-portrait-intermediate":false,"newspack-article-block-square-intermediate":false,"newspack-article-block-landscape-small":false,"newspack-article-block-portrait-small":false,"newspack-article-block-square-small":false,"newspack-article-block-landscape-tiny":false,"newspack-article-block-portrait-tiny":false,"newspack-article-block-square-tiny":false,"newspack-article-block-uncropped":false},"uagb_author_info":{"display_name":"Joxa Darceles Irakasle","author_link":"https:\/\/talaiaeskola.eus\/es\/author\/ir013074ak\/"},"uagb_comment_info":0,"uagb_excerpt":"Esta actividad est\u00e1 regulada por la Diputaci\u00f3n Provincial y organizada por el Ayuntamiento de Hondarribia, equipos deportivos y colegios. Aunque [&hellip;]","jetpack_likes_enabled":true,"jetpack_sharing_enabled":true,"jetpack_shortlink":"https:\/\/wp.me\/PfA7rq-vx","jetpack-related-posts":[{"id":1951,"url":"https:\/\/talaiaeskola.eus\/es\/comedor\/","url_meta":{"origin":1955,"position":0},"title":"COMEDOR","author":"Joxa Darceles Irakasle","date":"8 de octubre de 2024","format":false,"excerpt":"Men\u00fas diarios Reglamento de Comedor pinchando aqu\u00ed Es imprescindible respetar el horario de comedor (12:30-14:30). Teniendo en cuenta el gran n\u00famero de alumnos (hay diferentes turnos de comida en los comedores y la organizaci\u00f3n del comedor es muy compleja), los alumnos no podr\u00e1n salir del comedor durante este horario. Entonces,\u2026","rel":"","context":"Entrada similar","block_context":{"text":"Entrada similar","link":""},"img":{"alt_text":"MEN\u00daS DIARIOS","src":"https:\/\/i0.wp.com\/talaiaeskola.eus\/wp-content\/uploads\/2024\/11\/menua1.jpg?resize=350%2C200&ssl=1","width":350,"height":200},"classes":[]},{"id":1960,"url":"https:\/\/talaiaeskola.eus\/es\/reglas-y-funcionamiento\/","url_meta":{"origin":1955,"position":1},"title":"REGLAS Y FUNCIONAMIENTO","author":"Joxa Darceles Irakasle","date":"8 de octubre de 2024","format":false,"excerpt":"Cambios de direcci\u00f3n, n\u00famero de tel\u00e9fono o cuenta bancaria Si hay alg\u00fan cambio, por favor, escribe a idazkaritza@talaiaeskola.com o administrazioa@talaiaeskola.com o llama al 943 89 91 56. Es necesario que los datos est\u00e9n actualizados para el correcto funcionamiento. Bicicletas y patinetes Os recordamos que una vez cruzada la valla no\u2026","rel":"","context":"Entrada similar","block_context":{"text":"Entrada similar","link":""},"img":{"alt_text":"","src":"","width":0,"height":0},"classes":[]},{"id":1935,"url":"https:\/\/talaiaeskola.eus\/es\/asociacion-de-familias-y-padres\/","url_meta":{"origin":1955,"position":2},"title":"ASOCIACI\u00d3N DE PADRES-MADRES Y FAMILIAS","author":"Joxa Darceles Irakasle","date":"8 de octubre de 2024","format":false,"excerpt":"La Asociaci\u00f3n de Padres\/Madres y Familiares es el \u00f3rgano que representa a las familias del colegio. Un \u00f3rgano que permite la participaci\u00f3n en los \u00f3rganos de gesti\u00f3n y decisiones del centro. \u00bfQu\u00e9 hace la Asociaci\u00f3n de Padres y Familias? Organiza y gestiona las siguientes actividades: Conferencias de padres, formaciones... Cuidado\u2026","rel":"","context":"Entrada similar","block_context":{"text":"Entrada similar","link":""},"img":{"alt_text":"","src":"","width":0,"height":0},"classes":[]},{"id":1947,"url":"https:\/\/talaiaeskola.eus\/es\/proyectos\/","url_meta":{"origin":1955,"position":3},"title":"PROYECTOS","author":"Joxa Darceles Irakasle","date":"8 de octubre de 2024","format":false,"excerpt":"Proyectos escolares PROYECTO DIGITAL DE SARE HEZKUNTZA: La combinaci\u00f3n de las tecnolog\u00edas de la informaci\u00f3n y la comunicaci\u00f3n en los procesos de ense\u00f1anza-aprendizaje. Continuaremos el proceso que iniciamos para digitalizar el colegio en el curso 2016\/2017. El IPD se complet\u00f3 el a\u00f1o pasado. Continuaremos con el proyecto IKKI (aprender a\u2026","rel":"","context":"Entrada similar","block_context":{"text":"Entrada similar","link":""},"img":{"alt_text":"","src":"","width":0,"height":0},"classes":[]},{"id":1964,"url":"https:\/\/talaiaeskola.eus\/es\/cuidado-de-los-ninos\/","url_meta":{"origin":1955,"position":4},"title":"SERVICIO DE HAUR ZAINTZA","author":"Joxa Darceles Irakasle","date":"8 de octubre de 2024","format":false,"excerpt":"Este servicio ha sido organizado para dar una soluci\u00f3n a los horarios de trabajo de los\/las padres\/madres cuando no coinciden con sus horarios de entrada. El servicio de cuidado infantil est\u00e1 organizado por la Asociaci\u00f3n de Padres y Familias y est\u00e1 dirigido a los alumnos de Satarka y Biteri. Horario:\u2026","rel":"","context":"Entrada similar","block_context":{"text":"Entrada similar","link":""},"img":{"alt_text":"","src":"","width":0,"height":0},"classes":[]},{"id":1959,"url":"https:\/\/talaiaeskola.eus\/es\/actividades-del-miercoles-por-la-tarde\/","url_meta":{"origin":1955,"position":5},"title":"ACTIVIDADES DEL MI\u00c9RCOLES POR LA TARDE","author":"Joxa Darceles Irakasle","date":"8 de octubre de 2024","format":false,"excerpt":"Organizadas por la Asociaci\u00f3n de Padres y Familias, se ofrecen actividades extraescolares en Biteri y Bordari. Los talleres comenzar\u00e1n el 1 de octubre y finalizar\u00e1n el 27 de mayo. El compromiso es para todo el a\u00f1o. En caso de cancelaci\u00f3n, se seguir\u00e1n cobrando las tasas hasta el final del a\u00f1o\u2026","rel":"","context":"Entrada similar","block_context":{"text":"Entrada similar","link":""},"img":{"alt_text":"","src":"","width":0,"height":0},"classes":[]}],"_links":{"self":[{"href":"https:\/\/talaiaeskola.eus\/es\/wp-json\/wp\/v2\/pages\/1955","targetHints":{"allow":["GET"]}}],"collection":[{"href":"https:\/\/talaiaeskola.eus\/es\/wp-json\/wp\/v2\/pages"}],"about":[{"href":"https:\/\/talaiaeskola.eus\/es\/wp-json\/wp\/v2\/types\/page"}],"author":[{"embeddable":true,"href":"https:\/\/talaiaeskola.eus\/es\/wp-json\/wp\/v2\/users\/241677285"}],"replies":[{"embeddable":true,"href":"https:\/\/talaiaeskola.eus\/es\/wp-json\/wp\/v2\/comments?post=1955"}],"version-history":[{"count":6,"href":"https:\/\/talaiaeskola.eus\/es\/wp-json\/wp\/v2\/pages\/1955\/revisions"}],"predecessor-version":[{"id":2031,"href":"https:\/\/talaiaeskola.eus\/es\/wp-json\/wp\/v2\/pages\/1955\/revisions\/2031"}],"wp:attachment":[{"href":"https:\/\/talaiaeskola.eus\/es\/wp-json\/wp\/v2\/media?parent=1955"}],"curies":[{"name":"wp","href":"https:\/\/api.w.org\/{rel}","templated":true}]}}