{"id":1967,"date":"2024-10-08T17:31:50","date_gmt":"2024-10-08T15:31:50","guid":{"rendered":"https:\/\/talaiaeskola.eus\/responsabilidades-del-docente\/"},"modified":"2025-11-12T18:16:45","modified_gmt":"2025-11-12T17:16:45","slug":"responsabilidades-del-docente","status":"publish","type":"page","link":"https:\/\/talaiaeskola.eus\/es\/responsabilidades-del-docente\/","title":{"rendered":"RESPONSABILIDADES DE LOS\/LAS DOCENTES"},"content":{"rendered":"\n<p><strong>Musika: <\/strong>Kristina Perez, Mikel Rekakoetxea y Ander Txasko.<\/p>\n\n<p><strong>Ingelesa:<\/strong> Amaia Elizalde, Elixabete Irazoki, Nerea Arbelaiz, Nagore Mugika y Miriam Bartolome.<\/p>\n\n<p><strong>Gorputz Hezkuntza: <\/strong>Sergio Vel\u00e1zquez, Unai Moriones y Gorka Irigoyen.<\/p>\n\n<p><strong>Cosultoras: <\/strong>Ainara Ordoki y Maria Santos.<\/p>\n\n<p><strong>\u200b\u200b\u200b\u200b\u200bLaguntza taldea: <\/strong>Edurne Gartzia, Erasune Castro, M. Jose Flores, Lore Bar\u00f3n y Oihana Gabarain.<\/p>\n\n<p><strong>Logopeda:<\/strong> Jon Mendizabal<\/p>\n\n<div style=\"height:100px\" aria-hidden=\"true\" class=\"wp-block-spacer\"><\/div>\n\n<p><strong>Responsables de proyectos<\/strong><\/p>\n\n<div class=\"wp-block-group is-vertical is-layout-flex wp-container-core-group-is-layout-fe9cc265 wp-block-group-is-layout-flex\">\n<ul class=\"wp-block-list\">\n<li>Responsables TIC: Joxa Darceles <a href=\"mailto:ir013074ak@talaiaeskola.com\">ir013074ak@talaiaeskola.com<\/a> , David Borrego y Aitzol Goikoetxea<\/li>\n\n\n\n<li>HIPI e IKKI: Leire Larzabal<\/li>\n\n\n\n<li>Agenda 30: Leire LArzabal y Unai Moriones<\/li>\n\n\n\n<li>Mediateca: Nerea Arbelaitz<\/li>\n\n\n\n<li>Prevenci\u00f3n de riesgos laborales: Jaione Biku\u00f1a<\/li>\n<\/ul>\n<\/div>\n\n<p><strong>Especialistas en ayuda a la educaci\u00f3n: <\/strong> Axun Zabaleta, Marga Provedo, Oihana Parada, Erika Aizpurua, Arantxa Aleman, Miren Uranga y Gorka Larra\u00f1aga.<\/p>\n\n<p><strong>Ayudas en EI: <\/strong>Joxa Darceles, Juana Moreno, Aintzane Aranburu, Arantxa Olaizola, Lupe Goikoetxea e Eider Ordoki.<\/p>\n\n<p><strong>Ayudas en EP:<\/strong> Leire Larzabal, Elixabet Irazoki y Amaia Elizalde.<\/p>\n\n<div style=\"height:100px\" aria-hidden=\"true\" class=\"wp-block-spacer\"><\/div>\n\n<p><strong>Encargados del comedor:<\/strong><\/p>\n\n<div class=\"wp-block-group is-vertical is-layout-flex wp-container-core-group-is-layout-fe9cc265 wp-block-group-is-layout-flex\">\n<ul class=\"wp-block-list\">\n<li>En Satarka y Biteri: Juana Moreno<\/li>\n\n\n\n<li>En Bordari: Kristina P\u00e9rez<\/li>\n\n\n\n<li>Gesti\u00f3n del comedor: Jaione Biku\u00f1a y Agurtze Belarra<\/li>\n<\/ul>\n<\/div>\n\n<p><strong>Coordinadores:<\/strong><\/p>\n\n<div class=\"wp-block-group is-vertical is-layout-flex wp-container-core-group-is-layout-fe9cc265 wp-block-group-is-layout-flex\">\n<ul class=\"wp-block-list\">\n<li>En Educaci\u00f3n Infantil: Joxa Darceles y Lupe Goikoetxea.<\/li>\n\n\n\n<li>En Educaci\u00f3n Primaria: Ainara Ordoki, Maria Santos y Mertxe Iriarte.<\/li>\n<\/ul>\n<\/div>\n","protected":false},"excerpt":{"rendered":"<p>Musika: Kristina Perez, Mikel Rekakoetxea y Ander Txasko. Ingelesa: Amaia Elizalde, Elixabete Irazoki, Nerea Arbelaiz, Nagore Mugika y Miriam Bartolome. [&hellip;]<\/p>\n","protected":false},"author":241677285,"featured_media":0,"parent":0,"menu_order":0,"comment_status":"closed","ping_status":"closed","template":"","meta":{"_surecart_dashboard_logo_width":"180px","_surecart_dashboard_show_logo":true,"_surecart_dashboard_navigation_orders":true,"_surecart_dashboard_navigation_invoices":true,"_surecart_dashboard_navigation_subscriptions":true,"_surecart_dashboard_navigation_downloads":true,"_surecart_dashboard_navigation_billing":true,"_surecart_dashboard_navigation_account":true,"_uag_custom_page_level_css":"","site-sidebar-layout":"default","site-content-layout":"","ast-site-content-layout":"default","site-content-style":"default","site-sidebar-style":"default","ast-global-header-display":"","ast-banner-title-visibility":"","ast-main-header-display":"","ast-hfb-above-header-display":"","ast-hfb-below-header-display":"","ast-hfb-mobile-header-display":"","site-post-title":"","ast-breadcrumbs-content":"","ast-featured-img":"","footer-sml-layout":"","theme-transparent-header-meta":"","adv-header-id-meta":"","stick-header-meta":"","header-above-stick-meta":"","header-main-stick-meta":"","header-below-stick-meta":"","astra-migrate-meta-layouts":"default","ast-page-background-enabled":"default","ast-page-background-meta":{"desktop":{"background-color":"var(--ast-global-color-4)","background-image":"","background-repeat":"repeat","background-position":"center center","background-size":"auto","background-attachment":"scroll","background-type":"","background-media":"","overlay-type":"","overlay-color":"","overlay-opacity":"","overlay-gradient":""},"tablet":{"background-color":"","background-image":"","background-repeat":"repeat","background-position":"center center","background-size":"auto","background-attachment":"scroll","background-type":"","background-media":"","overlay-type":"","overlay-color":"","overlay-opacity":"","overlay-gradient":""},"mobile":{"background-color":"","background-image":"","background-repeat":"repeat","background-position":"center center","background-size":"auto","background-attachment":"scroll","background-type":"","background-media":"","overlay-type":"","overlay-color":"","overlay-opacity":"","overlay-gradient":""}},"ast-content-background-meta":{"desktop":{"background-color":"var(--ast-global-color-5)","background-image":"","background-repeat":"repeat","background-position":"center center","background-size":"auto","background-attachment":"scroll","background-type":"","background-media":"","overlay-type":"","overlay-color":"","overlay-opacity":"","overlay-gradient":""},"tablet":{"background-color":"var(--ast-global-color-5)","background-image":"","background-repeat":"repeat","background-position":"center center","background-size":"auto","background-attachment":"scroll","background-type":"","background-media":"","overlay-type":"","overlay-color":"","overlay-opacity":"","overlay-gradient":""},"mobile":{"background-color":"var(--ast-global-color-5)","background-image":"","background-repeat":"repeat","background-position":"center center","background-size":"auto","background-attachment":"scroll","background-type":"","background-media":"","overlay-type":"","overlay-color":"","overlay-opacity":"","overlay-gradient":""}},"advanced_seo_description":"","jetpack_seo_html_title":"","jetpack_seo_noindex":false,"footnotes":""},"class_list":["post-1967","page","type-page","status-publish","hentry"],"uagb_featured_image_src":{"full":false,"thumbnail":false,"medium":false,"medium_large":false,"large":false,"1536x1536":false,"2048x2048":false,"newspack-article-block-landscape-large":false,"newspack-article-block-portrait-large":false,"newspack-article-block-square-large":false,"newspack-article-block-landscape-medium":false,"newspack-article-block-portrait-medium":false,"newspack-article-block-square-medium":false,"newspack-article-block-landscape-intermediate":false,"newspack-article-block-portrait-intermediate":false,"newspack-article-block-square-intermediate":false,"newspack-article-block-landscape-small":false,"newspack-article-block-portrait-small":false,"newspack-article-block-square-small":false,"newspack-article-block-landscape-tiny":false,"newspack-article-block-portrait-tiny":false,"newspack-article-block-square-tiny":false,"newspack-article-block-uncropped":false},"uagb_author_info":{"display_name":"Joxa Darceles Irakasle","author_link":"https:\/\/talaiaeskola.eus\/es\/author\/ir013074ak\/"},"uagb_comment_info":0,"uagb_excerpt":"Musika: Kristina Perez, Mikel Rekakoetxea y Ander Txasko. Ingelesa: Amaia Elizalde, Elixabete Irazoki, Nerea Arbelaiz, Nagore Mugika y Miriam Bartolome. [&hellip;]","jetpack_likes_enabled":true,"jetpack_sharing_enabled":true,"jetpack_shortlink":"https:\/\/wp.me\/PfA7rq-vJ","jetpack-related-posts":[{"id":1841,"url":"https:\/\/talaiaeskola.eus\/es\/proyectos-y-recursos\/","url_meta":{"origin":1967,"position":0},"title":"PROYECTOS Y RECURSOS","author":"Joxa Darceles Irakasle","date":"8 de octubre de 2024","format":false,"excerpt":"","rel":"","context":"Entrada similar","block_context":{"text":"Entrada similar","link":""},"img":{"alt_text":"","src":"","width":0,"height":0},"classes":[]},{"id":1935,"url":"https:\/\/talaiaeskola.eus\/es\/asociacion-de-familias-y-padres\/","url_meta":{"origin":1967,"position":1},"title":"ASOCIACI\u00d3N DE PADRES-MADRES Y FAMILIAS","author":"Joxa Darceles Irakasle","date":"8 de octubre de 2024","format":false,"excerpt":"La Asociaci\u00f3n de Padres\/Madres y Familiares es el \u00f3rgano que representa a las familias del colegio. Un \u00f3rgano que permite la participaci\u00f3n en los \u00f3rganos de gesti\u00f3n y decisiones del centro. \u00bfQu\u00e9 hace la Asociaci\u00f3n de Padres y Familias? Organiza y gestiona las siguientes actividades: Conferencias de padres, formaciones... Cuidado\u2026","rel":"","context":"Entrada similar","block_context":{"text":"Entrada similar","link":""},"img":{"alt_text":"","src":"","width":0,"height":0},"classes":[]},{"id":1955,"url":"https:\/\/talaiaeskola.eus\/es\/deportes-escolares\/","url_meta":{"origin":1967,"position":2},"title":"ESKOLA KIROLA","author":"Joxa Darceles Irakasle","date":"8 de octubre de 2024","format":false,"excerpt":"Esta actividad est\u00e1 regulada por la Diputaci\u00f3n Provincial y organizada por el Ayuntamiento de Hondarribia, equipos deportivos y colegios. Aunque la inscripci\u00f3n es opcional, el colegio entiende que la pr\u00e1ctica deportiva contribuye a fomentar la formaci\u00f3n general del ni\u00f1o, el desarrollo equilibrado de su personalidad y h\u00e1bitos saludables de vida,\u2026","rel":"","context":"Entrada similar","block_context":{"text":"Entrada similar","link":""},"img":{"alt_text":"","src":"","width":0,"height":0},"classes":[]},{"id":1852,"url":"https:\/\/talaiaeskola.eus\/es\/ubicacion\/","url_meta":{"origin":1967,"position":3},"title":"UBICACI\u00d3N","author":"Joxa Darceles Irakasle","date":"8 de octubre de 2024","format":false,"excerpt":"Nuestra escuela est\u00e1 dividida en tres edificios: Satarka (HH 2-3 a\u00f1os) Biteri (4 y 5 a\u00f1os y 1\u00ba y 2\u00ba grado de primaria) Bordari (de 3\u00ba a 6\u00ba grado de primaria) La Secretar\u00eda est\u00e1 ubicada en el edificio Bordari.","rel":"","context":"Entrada similar","block_context":{"text":"Entrada similar","link":""},"img":{"alt_text":"","src":"","width":0,"height":0},"classes":[]},{"id":1980,"url":"https:\/\/talaiaeskola.eus\/es\/contactos\/","url_meta":{"origin":1967,"position":4},"title":"Contactos","author":"Joxa Darceles Irakasle","date":"8 de octubre de 2024","format":false,"excerpt":"Por tel\u00e9fono: Satarka: 943 89 91 57 Biteri: 943 89 91 58 Bordari: 943 89 91 56 Administraci\u00f3n, secretar\u00eda y gesti\u00f3n: 943 89 91 56 Horario de secretar\u00eda: de 09:00 a 12:30 y de 14:30 a 16:30, la secretar\u00eda est\u00e1 cerrada los mi\u00e9rcoles por la tarde.Por correo electr\u00f3nico: Direcci\u00f3n: zuzendaritza@talaiaeskola.com\u2026","rel":"","context":"Entrada similar","block_context":{"text":"Entrada similar","link":""},"img":{"alt_text":"","src":"","width":0,"height":0},"classes":[]},{"id":1983,"url":"https:\/\/talaiaeskola.eus\/es\/presentacion\/","url_meta":{"origin":1967,"position":5},"title":"PRESENTACI\u00d3N","author":"Joxa Darceles Irakasle","date":"8 de octubre de 2024","format":false,"excerpt":"Presentaci\u00f3n La misi\u00f3n del Colegio P\u00fablico Talaia es proporcionar una educaci\u00f3n en lengua vasca, integral, constructiva, cr\u00edtica y aconfesional. Talaia Eskola: Transmite valores para la convivencia. Teniendo en cuenta la diversidad, ofrece las mismas oportunidades para todos. Adem\u00e1s de asegurar objetivos b\u00e1sicos, desarrolla las habilidades de cada alumno. Se busca\u2026","rel":"","context":"Entrada similar","block_context":{"text":"Entrada similar","link":""},"img":{"alt_text":"","src":"","width":0,"height":0},"classes":[]}],"_links":{"self":[{"href":"https:\/\/talaiaeskola.eus\/es\/wp-json\/wp\/v2\/pages\/1967","targetHints":{"allow":["GET"]}}],"collection":[{"href":"https:\/\/talaiaeskola.eus\/es\/wp-json\/wp\/v2\/pages"}],"about":[{"href":"https:\/\/talaiaeskola.eus\/es\/wp-json\/wp\/v2\/types\/page"}],"author":[{"embeddable":true,"href":"https:\/\/talaiaeskola.eus\/es\/wp-json\/wp\/v2\/users\/241677285"}],"replies":[{"embeddable":true,"href":"https:\/\/talaiaeskola.eus\/es\/wp-json\/wp\/v2\/comments?post=1967"}],"version-history":[{"count":5,"href":"https:\/\/talaiaeskola.eus\/es\/wp-json\/wp\/v2\/pages\/1967\/revisions"}],"predecessor-version":[{"id":2813,"href":"https:\/\/talaiaeskola.eus\/es\/wp-json\/wp\/v2\/pages\/1967\/revisions\/2813"}],"wp:attachment":[{"href":"https:\/\/talaiaeskola.eus\/es\/wp-json\/wp\/v2\/media?parent=1967"}],"curies":[{"name":"wp","href":"https:\/\/api.w.org\/{rel}","templated":true}]}}