{"id":1980,"date":"2024-10-08T17:31:50","date_gmt":"2024-10-08T15:31:50","guid":{"rendered":"https:\/\/talaiaeskola.eus\/contactos\/"},"modified":"2025-10-20T16:42:22","modified_gmt":"2025-10-20T14:42:22","slug":"contactos","status":"publish","type":"page","link":"https:\/\/talaiaeskola.eus\/es\/contactos\/","title":{"rendered":"Contactos"},"content":{"rendered":"<p dir=\"ltr\" style=\"line-height: 1.38; margin-top: 0pt; margin-bottom: 0pt;\">Por tel\u00e9fono:<\/p>\n<ul>\n<li>Satarka: 943 89 91 57<\/li>\n<li>Biteri: 943 89 91 58<\/li>\n<li>Bordari: 943 89 91 56<\/li>\n<li>Administraci\u00f3n, secretar\u00eda y gesti\u00f3n: 943 89 91 56<\/li>\n<\/ul>\n<p dir=\"ltr\" style=\"background-color: transparent; color: #000000; font-size: 14pt; font-style: normal; font-weight: 400; white-space: pre; text-align: var(--text-align); line-height: 1.38; margin-top: 0pt; margin-bottom: 0pt;\" role=\"presentation\">Horario de secretar\u00eda: de 09:00 a 12:30 y de 14:30 a 16:30, la secretar\u00eda est\u00e1 cerrada los mi\u00e9rcoles por la tarde.<\/p>\n<p dir=\"ltr\" style=\"background-color: transparent; color: #000000; font-size: 14pt; font-style: normal; font-weight: 400; white-space: pre; text-align: var(--text-align); line-height: 1.38; margin-top: 0pt; margin-bottom: 0pt; display: inline !important;\">Por correo electr\u00f3nico:<\/p>\n<ul>\n<li>Direcci\u00f3n: zuzendaritza@talaiaeskola.com<\/li>\n<li>Responsable de estudios de HH y FP: ikasketaburuak@talaiaeskola.com<\/li>\n<li>Secretar\u00eda: idazkaritza@talaiaeskola.com<\/li>\n<li>Administraci\u00f3n: administrazioa@talaiaeskola.com&nbsp;<\/li>\n<li>Comedor Biteri y Satarka: jangelabiteri@talaiaeskola.com<\/li>\n<li>Comedor Bordari: jangelabordari@talaiaeskola.com<\/li>\n<li>Asociaci\u00f3n de padres y madres: gurasoelkartea@talaiaeskola.com<\/li>\n<li>Deporte escolar: ir013378bi@talaiaeskola.com<\/li>\n<\/ul>\n<p><b>Inika: <\/b><\/p>\n<p>La comunicaci\u00f3n entre familia y colegio se realiza a trav\u00e9s de la aplicaci\u00f3n Inika. Ten\u00e9is dos formas de acceder a Inika: pod\u00e9is acceder desde la web del colegio o desde la aplicaci\u00f3n m\u00f3vil.  <\/p>\n<p>Para dar avisos o hacer anuncios urgentes, pod\u00e9is hacerlo a trav\u00e9s de Inika o por tel\u00e9fono. Tened en cuenta que los profesores est\u00e1n con los estudiantes en todo momento, por lo que pod\u00e9is tener dificultades para comunicaos por tel\u00e9fono: <\/p>\n<ul>\n<li style=\"font-weight: 400;\" aria-level=\"1\">En Educaci\u00f3n Infantil: 11:30 &#8211; 12:00<\/li>\n<li style=\"font-weight: 400;\" aria-level=\"1\">Educaci\u00f3n Primaria: 11:00 &#8211; 11:30<\/li>\n<\/ul>\n","protected":false},"excerpt":{"rendered":"<p>Por tel\u00e9fono: Satarka: 943 89 91 57 Biteri: 943 89 91 58 Bordari: 943 89 91 56 Administraci\u00f3n, secretar\u00eda y [&hellip;]<\/p>\n","protected":false},"author":241677285,"featured_media":0,"parent":0,"menu_order":0,"comment_status":"closed","ping_status":"closed","template":"","meta":{"_surecart_dashboard_logo_width":"180px","_surecart_dashboard_show_logo":true,"_surecart_dashboard_navigation_orders":true,"_surecart_dashboard_navigation_invoices":true,"_surecart_dashboard_navigation_subscriptions":true,"_surecart_dashboard_navigation_downloads":true,"_surecart_dashboard_navigation_billing":true,"_surecart_dashboard_navigation_account":true,"_uag_custom_page_level_css":"","site-sidebar-layout":"default","site-content-layout":"","ast-site-content-layout":"default","site-content-style":"default","site-sidebar-style":"default","ast-global-header-display":"","ast-banner-title-visibility":"","ast-main-header-display":"","ast-hfb-above-header-display":"","ast-hfb-below-header-display":"","ast-hfb-mobile-header-display":"","site-post-title":"","ast-breadcrumbs-content":"","ast-featured-img":"","footer-sml-layout":"","theme-transparent-header-meta":"","adv-header-id-meta":"","stick-header-meta":"","header-above-stick-meta":"","header-main-stick-meta":"","header-below-stick-meta":"","astra-migrate-meta-layouts":"default","ast-page-background-enabled":"default","ast-page-background-meta":{"desktop":{"background-color":"var(--ast-global-color-4)","background-image":"","background-repeat":"repeat","background-position":"center center","background-size":"auto","background-attachment":"scroll","background-type":"","background-media":"","overlay-type":"","overlay-color":"","overlay-opacity":"","overlay-gradient":""},"tablet":{"background-color":"","background-image":"","background-repeat":"repeat","background-position":"center center","background-size":"auto","background-attachment":"scroll","background-type":"","background-media":"","overlay-type":"","overlay-color":"","overlay-opacity":"","overlay-gradient":""},"mobile":{"background-color":"","background-image":"","background-repeat":"repeat","background-position":"center center","background-size":"auto","background-attachment":"scroll","background-type":"","background-media":"","overlay-type":"","overlay-color":"","overlay-opacity":"","overlay-gradient":""}},"ast-content-background-meta":{"desktop":{"background-color":"var(--ast-global-color-5)","background-image":"","background-repeat":"repeat","background-position":"center center","background-size":"auto","background-attachment":"scroll","background-type":"","background-media":"","overlay-type":"","overlay-color":"","overlay-opacity":"","overlay-gradient":""},"tablet":{"background-color":"var(--ast-global-color-5)","background-image":"","background-repeat":"repeat","background-position":"center center","background-size":"auto","background-attachment":"scroll","background-type":"","background-media":"","overlay-type":"","overlay-color":"","overlay-opacity":"","overlay-gradient":""},"mobile":{"background-color":"var(--ast-global-color-5)","background-image":"","background-repeat":"repeat","background-position":"center center","background-size":"auto","background-attachment":"scroll","background-type":"","background-media":"","overlay-type":"","overlay-color":"","overlay-opacity":"","overlay-gradient":""}},"advanced_seo_description":"","jetpack_seo_html_title":"","jetpack_seo_noindex":false,"footnotes":""},"class_list":["post-1980","page","type-page","status-publish","hentry"],"uagb_featured_image_src":{"full":false,"thumbnail":false,"medium":false,"medium_large":false,"large":false,"1536x1536":false,"2048x2048":false,"newspack-article-block-landscape-large":false,"newspack-article-block-portrait-large":false,"newspack-article-block-square-large":false,"newspack-article-block-landscape-medium":false,"newspack-article-block-portrait-medium":false,"newspack-article-block-square-medium":false,"newspack-article-block-landscape-intermediate":false,"newspack-article-block-portrait-intermediate":false,"newspack-article-block-square-intermediate":false,"newspack-article-block-landscape-small":false,"newspack-article-block-portrait-small":false,"newspack-article-block-square-small":false,"newspack-article-block-landscape-tiny":false,"newspack-article-block-portrait-tiny":false,"newspack-article-block-square-tiny":false,"newspack-article-block-uncropped":false},"uagb_author_info":{"display_name":"Joxa Darceles Irakasle","author_link":"https:\/\/talaiaeskola.eus\/es\/author\/ir013074ak\/"},"uagb_comment_info":0,"uagb_excerpt":"Por tel\u00e9fono: Satarka: 943 89 91 57 Biteri: 943 89 91 58 Bordari: 943 89 91 56 Administraci\u00f3n, secretar\u00eda y [&hellip;]","jetpack_likes_enabled":true,"jetpack_sharing_enabled":true,"jetpack_shortlink":"https:\/\/wp.me\/PfA7rq-vW","jetpack-related-posts":[{"id":134,"url":"https:\/\/talaiaeskola.eus\/kontaktuak\/","url_meta":{"origin":1980,"position":0},"title":"Kontaktuak","author":"Joxa Darceles Irakasle","date":"8 de octubre de 2024","format":false,"excerpt":"Telefonoz: Satarka: 943 89 91 57 Biteri: 943 89 91 58 Bordari: 943 89 91 56 Administrazioa, idazkaritza eta zuzendaritza: 943 89 91 56 Idazkaritzako ordutegia: 09:00tatik 12:30era eta 14:30etatik 16:30era, asteazken arraaldetan idazkaritza itxia dago.E-postaz: Zuzendaritza: zuzendaritza@talaiaeskola.com HH eta LHko ikasketa burutza: ikasketaburuak@talaiaeskola.com Idazkaritza: idazkaritza@talaiaeskola.com Admnistrazioa: administrazioa@talaiaeskola.com\u00a0 Biteri eta\u2026","rel":"","context":"Entrada similar","block_context":{"text":"Entrada similar","link":""},"img":{"alt_text":"","src":"","width":0,"height":0},"classes":[]},{"id":1951,"url":"https:\/\/talaiaeskola.eus\/es\/comedor\/","url_meta":{"origin":1980,"position":1},"title":"COMEDOR","author":"Joxa Darceles Irakasle","date":"8 de octubre de 2024","format":false,"excerpt":"Men\u00fas diarios Reglamento de Comedor pinchando aqu\u00ed Es imprescindible respetar el horario de comedor (12:30-14:30). Teniendo en cuenta el gran n\u00famero de alumnos (hay diferentes turnos de comida en los comedores y la organizaci\u00f3n del comedor es muy compleja), los alumnos no podr\u00e1n salir del comedor durante este horario. Entonces,\u2026","rel":"","context":"Entrada similar","block_context":{"text":"Entrada similar","link":""},"img":{"alt_text":"MEN\u00daS DIARIOS","src":"https:\/\/i0.wp.com\/talaiaeskola.eus\/wp-content\/uploads\/2024\/11\/menua1.jpg?resize=350%2C200&ssl=1","width":350,"height":200},"classes":[]},{"id":144,"url":"https:\/\/talaiaeskola.eus\/jangela\/","url_meta":{"origin":1980,"position":2},"title":"JANGELA","author":"Joxa Darceles Irakasle","date":"8 de octubre de 2024","format":false,"excerpt":"Eguneroko menuak Jangela\u00a0Araudia hemen klikatuz Jangelako ordutegia errespetatzea ezinbestekoa da (12:30-14:30). Kontuan izanik ikasle kopurua oso handia dela (jangeletan bazkaltzeko txanda desberdinak daude eta jangelako antolakuntza oso konplexua da) ikasleak ezingo dira jangelatik atera tarte horretan. Beraz, ikasleren batek horren beharra balu, 12:30ean atera eta 14:30ean sartu beharko luke.\u00a0 Goiz\u2026","rel":"","context":"Entrada similar","block_context":{"text":"Entrada similar","link":""},"img":{"alt_text":"EGUNEROKO MENUAK","src":"https:\/\/i0.wp.com\/talaiaeskola.eus\/wp-content\/uploads\/2024\/11\/menua1.jpg?resize=350%2C200&ssl=1","width":350,"height":200},"classes":[]},{"id":1955,"url":"https:\/\/talaiaeskola.eus\/es\/deportes-escolares\/","url_meta":{"origin":1980,"position":3},"title":"ESKOLA KIROLA","author":"Joxa Darceles Irakasle","date":"8 de octubre de 2024","format":false,"excerpt":"Esta actividad est\u00e1 regulada por la Diputaci\u00f3n Provincial y organizada por el Ayuntamiento de Hondarribia, equipos deportivos y colegios. Aunque la inscripci\u00f3n es opcional, el colegio entiende que la pr\u00e1ctica deportiva contribuye a fomentar la formaci\u00f3n general del ni\u00f1o, el desarrollo equilibrado de su personalidad y h\u00e1bitos saludables de vida,\u2026","rel":"","context":"Entrada similar","block_context":{"text":"Entrada similar","link":""},"img":{"alt_text":"","src":"","width":0,"height":0},"classes":[]},{"id":1960,"url":"https:\/\/talaiaeskola.eus\/es\/reglas-y-funcionamiento\/","url_meta":{"origin":1980,"position":4},"title":"REGLAS Y FUNCIONAMIENTO","author":"Joxa Darceles Irakasle","date":"8 de octubre de 2024","format":false,"excerpt":"Cambios de direcci\u00f3n, n\u00famero de tel\u00e9fono o cuenta bancaria Si hay alg\u00fan cambio, por favor, escribe a idazkaritza@talaiaeskola.com o administrazioa@talaiaeskola.com o llama al 943 89 91 56. Es necesario que los datos est\u00e9n actualizados para el correcto funcionamiento. Bicicletas y patinetes Os recordamos que una vez cruzada la valla no\u2026","rel":"","context":"Entrada similar","block_context":{"text":"Entrada similar","link":""},"img":{"alt_text":"","src":"","width":0,"height":0},"classes":[]},{"id":1959,"url":"https:\/\/talaiaeskola.eus\/es\/actividades-del-miercoles-por-la-tarde\/","url_meta":{"origin":1980,"position":5},"title":"ACTIVIDADES DEL MI\u00c9RCOLES POR LA TARDE","author":"Joxa Darceles Irakasle","date":"8 de octubre de 2024","format":false,"excerpt":"Organizadas por la Asociaci\u00f3n de Padres y Familias, se ofrecen actividades extraescolares en Biteri y Bordari. Los talleres comenzar\u00e1n el 1 de octubre y finalizar\u00e1n el 27 de mayo. El compromiso es para todo el a\u00f1o. En caso de cancelaci\u00f3n, se seguir\u00e1n cobrando las tasas hasta el final del a\u00f1o\u2026","rel":"","context":"Entrada similar","block_context":{"text":"Entrada similar","link":""},"img":{"alt_text":"","src":"","width":0,"height":0},"classes":[]}],"_links":{"self":[{"href":"https:\/\/talaiaeskola.eus\/es\/wp-json\/wp\/v2\/pages\/1980","targetHints":{"allow":["GET"]}}],"collection":[{"href":"https:\/\/talaiaeskola.eus\/es\/wp-json\/wp\/v2\/pages"}],"about":[{"href":"https:\/\/talaiaeskola.eus\/es\/wp-json\/wp\/v2\/types\/page"}],"author":[{"embeddable":true,"href":"https:\/\/talaiaeskola.eus\/es\/wp-json\/wp\/v2\/users\/241677285"}],"replies":[{"embeddable":true,"href":"https:\/\/talaiaeskola.eus\/es\/wp-json\/wp\/v2\/comments?post=1980"}],"version-history":[{"count":4,"href":"https:\/\/talaiaeskola.eus\/es\/wp-json\/wp\/v2\/pages\/1980\/revisions"}],"predecessor-version":[{"id":2046,"href":"https:\/\/talaiaeskola.eus\/es\/wp-json\/wp\/v2\/pages\/1980\/revisions\/2046"}],"wp:attachment":[{"href":"https:\/\/talaiaeskola.eus\/es\/wp-json\/wp\/v2\/media?parent=1980"}],"curies":[{"name":"wp","href":"https:\/\/api.w.org\/{rel}","templated":true}]}}