{"id":1983,"date":"2024-10-08T17:19:35","date_gmt":"2024-10-08T15:19:35","guid":{"rendered":"https:\/\/talaiaeskola.eus\/presentacion\/"},"modified":"2025-10-30T11:54:19","modified_gmt":"2025-10-30T10:54:19","slug":"presentacion","status":"publish","type":"page","link":"https:\/\/talaiaeskola.eus\/es\/presentacion\/","title":{"rendered":"PRESENTACI\u00d3N"},"content":{"rendered":"<h1>Presentaci\u00f3n<\/h1>\n<!-- \/wp:post-content --><!-- wp:paragraph -->\n<h2><\/h2>\n<p dir=\"ltr\" style=\"line-height: 1.38; margin-top: 0pt; margin-bottom: 0pt;\">La misi\u00f3n del Colegio P\u00fablico Talaia es proporcionar una educaci\u00f3n en lengua vasca, integral, constructiva, cr\u00edtica y aconfesional.<\/p>\n<p dir=\"ltr\" style=\"line-height: 1.38; margin-top: 0pt; margin-bottom: 0pt;\">Talaia Eskola:<\/p>\n\n<ul style=\"margin-bottom: 0px; padding-inline-start: 48px;\">\n \t<li dir=\"ltr\" style=\"list-style-type: disc; font-size: 14pt; background-color: transparent; font-weight: 400; font-style: normal; font-variant-numeric: normal; font-variant-east-asian: normal; font-variant-alternates: normal; font-variant-position: normal; font-variant-emoji: normal; white-space: pre;\" aria-level=\"1\">\n<p dir=\"ltr\" style=\"line-height: 1.38; margin-top: 0pt; margin-bottom: 0pt;\" role=\"presentation\">Transmite valores para la convivencia.<\/p>\n<\/li>\n \t<li dir=\"ltr\" style=\"list-style-type: disc; font-size: 14pt; background-color: transparent; font-weight: 400; font-style: normal; font-variant-numeric: normal; font-variant-east-asian: normal; font-variant-alternates: normal; font-variant-position: normal; font-variant-emoji: normal; white-space: pre;\" aria-level=\"1\">\n<p dir=\"ltr\" style=\"line-height: 1.38; margin-top: 0pt; margin-bottom: 0pt;\" role=\"presentation\">Teniendo en cuenta la diversidad, ofrece las mismas oportunidades para todos.<\/p>\n<\/li>\n \t<li dir=\"ltr\" style=\"list-style-type: disc; font-size: 14pt; background-color: transparent; font-weight: 400; font-style: normal; font-variant-numeric: normal; font-variant-east-asian: normal; font-variant-alternates: normal; font-variant-position: normal; font-variant-emoji: normal; white-space: pre;\" aria-level=\"1\">\n<p dir=\"ltr\" style=\"line-height: 1.38; margin-top: 0pt; margin-bottom: 0pt;\" role=\"presentation\">Adem\u00e1s de asegurar objetivos b\u00e1sicos, desarrolla las habilidades de cada alumno.<\/p>\n<\/li>\n \t<li dir=\"ltr\" style=\"list-style-type: disc; font-size: 14pt; background-color: transparent; font-weight: 400; font-style: normal; font-variant-numeric: normal; font-variant-east-asian: normal; font-variant-alternates: normal; font-variant-position: normal; font-variant-emoji: normal; white-space: pre;\" aria-level=\"1\">\n<p dir=\"ltr\" style=\"line-height: 1.38; margin-top: 0pt; margin-bottom: 0pt;\" role=\"presentation\">Se busca estimular la curiosidad de los ni\u00f1os.<\/p>\n<\/li>\n \t<li dir=\"ltr\" style=\"list-style-type: disc; font-size: 14pt; background-color: transparent; font-weight: 400; font-style: normal; font-variant-numeric: normal; font-variant-east-asian: normal; font-variant-alternates: normal; font-variant-position: normal; font-variant-emoji: normal; white-space: pre;\" aria-level=\"1\">\n<p dir=\"ltr\" style=\"line-height: 1.38; margin-top: 0pt; margin-bottom: 0pt;\" role=\"presentation\">Promueve la cultura vasca y el uso de la lengua vasca.<\/p>\n<\/li>\n \t<li dir=\"ltr\" style=\"list-style-type: disc; font-size: 14pt; background-color: transparent; font-weight: 400; font-style: normal; font-variant-numeric: normal; font-variant-east-asian: normal; font-variant-alternates: normal; font-variant-position: normal; font-variant-emoji: normal; white-space: pre;\" aria-level=\"1\">\n<p dir=\"ltr\" style=\"line-height: 1.38; margin-top: 0pt; margin-bottom: 0pt;\" role=\"presentation\">Colabora con toda la comunidad escolar a trav\u00e9s de una comunicaci\u00f3n adecuada.<\/p>\n<\/li>\n \t<li dir=\"ltr\" style=\"list-style-type: disc; font-size: 14pt; background-color: transparent; font-weight: 400; font-style: normal; font-variant-numeric: normal; font-variant-east-asian: normal; font-variant-alternates: normal; font-variant-position: normal; font-variant-emoji: normal; white-space: pre;\" aria-level=\"1\">\n<p dir=\"ltr\" style=\"line-height: 1.38; margin-top: 0pt; margin-bottom: 0pt;\" role=\"presentation\">Prepara a los estudiantes para una integraci\u00f3n social adecuada, permiti\u00e9ndoles sumergirse en la comunidad y el mundo en general.<\/p>\n<\/li>\n \t<li dir=\"ltr\" style=\"list-style-type: disc; font-size: 14pt; background-color: transparent; font-weight: 400; font-style: normal; font-variant-numeric: normal; font-variant-east-asian: normal; font-variant-alternates: normal; font-variant-position: normal; font-variant-emoji: normal; white-space: pre;\" aria-level=\"1\">\n<p dir=\"ltr\" style=\"line-height: 1.38; margin-top: 0pt; margin-bottom: 0pt;\" role=\"presentation\">Promueve las bases de una educaci\u00f3n saludable.<\/p>\n<\/li>\n<\/ul>\n<p dir=\"ltr\" style=\"line-height: 1.38; margin-top: 0pt; margin-bottom: 0pt;\">El Colegio Talaia Hondarribia acepta alumnos de 2 a 12 a\u00f1os (Educaci\u00f3n Infantil y Primaria):<\/p>\n<p dir=\"ltr\" style=\"line-height: 1.38; margin-top: 0pt; margin-bottom: 0pt;\">Nuestros estudiantes contin\u00faan su carrera acad\u00e9mica en el Instituto Talaia. Tienen la oportunidad de asistir all\u00ed a la escuela secundaria y al Bachillererato.<\/p>\n<!-- \/wp:paragraph --><!-- wp:paragraph -->\n\n<!-- \/wp:paragraph --><!-- wp:group {\"layout\":{\"type\":\"flex\",\"orientation\":\"vertical\"}} -->\n\n<!-- wp:list -->\n<ul>\n \t<li style=\"list-style-type: none;\">\n<ul><!-- wp:list-item --><\/ul>\n<\/li>\n<\/ul>\n<!-- \/wp:list-item --><!-- wp:list-item -->\n\n<!-- \/wp:list-item --><!-- wp:list-item -->\n\n<!-- \/wp:list-item --><!-- wp:list-item -->\n\n<!-- \/wp:list-item --><!-- wp:list-item -->\n\n<!-- \/wp:list-item --><!-- wp:list-item -->\n\n<!-- \/wp:list-item --><!-- wp:list-item -->\n\n<!-- \/wp:list-item --><!-- wp:list-item -->\n\n<!-- \/wp:list-item -->\n\n<!-- \/wp:list -->\n\n<!-- \/wp:group --><!-- wp:paragraph -->\n\n<!-- \/wp:paragraph --><!-- wp:paragraph -->\n\n<!-- \/wp:paragraph --><!-- wp:paragraph -->\n\n<!-- \/wp:paragraph --><!-- wp:paragraph -->\n\n<!-- \/wp:paragraph --><!-- wp:paragraph -->\n\n<!-- \/wp:paragraph -->","protected":false},"excerpt":{"rendered":"<p>Presentaci\u00f3n La misi\u00f3n del Colegio P\u00fablico Talaia es proporcionar una educaci\u00f3n en lengua vasca, integral, constructiva, cr\u00edtica y aconfesional. Talaia [&hellip;]<\/p>\n","protected":false},"author":241677285,"featured_media":0,"parent":0,"menu_order":0,"comment_status":"closed","ping_status":"closed","template":"","meta":{"_surecart_dashboard_logo_width":"180px","_surecart_dashboard_show_logo":true,"_surecart_dashboard_navigation_orders":true,"_surecart_dashboard_navigation_invoices":true,"_surecart_dashboard_navigation_subscriptions":true,"_surecart_dashboard_navigation_downloads":true,"_surecart_dashboard_navigation_billing":true,"_surecart_dashboard_navigation_account":true,"_uag_custom_page_level_css":"","site-sidebar-layout":"default","site-content-layout":"","ast-site-content-layout":"default","site-content-style":"default","site-sidebar-style":"default","ast-global-header-display":"","ast-banner-title-visibility":"","ast-main-header-display":"","ast-hfb-above-header-display":"","ast-hfb-below-header-display":"","ast-hfb-mobile-header-display":"","site-post-title":"disabled","ast-breadcrumbs-content":"","ast-featured-img":"","footer-sml-layout":"","theme-transparent-header-meta":"","adv-header-id-meta":"","stick-header-meta":"","header-above-stick-meta":"","header-main-stick-meta":"","header-below-stick-meta":"","astra-migrate-meta-layouts":"set","ast-page-background-enabled":"default","ast-page-background-meta":{"desktop":{"background-color":"var(--ast-global-color-4)","background-image":"","background-repeat":"repeat","background-position":"center center","background-size":"auto","background-attachment":"scroll","background-type":"","background-media":"","overlay-type":"","overlay-color":"","overlay-opacity":"","overlay-gradient":""},"tablet":{"background-color":"","background-image":"","background-repeat":"repeat","background-position":"center center","background-size":"auto","background-attachment":"scroll","background-type":"","background-media":"","overlay-type":"","overlay-color":"","overlay-opacity":"","overlay-gradient":""},"mobile":{"background-color":"","background-image":"","background-repeat":"repeat","background-position":"center center","background-size":"auto","background-attachment":"scroll","background-type":"","background-media":"","overlay-type":"","overlay-color":"","overlay-opacity":"","overlay-gradient":""}},"ast-content-background-meta":{"desktop":{"background-color":"var(--ast-global-color-5)","background-image":"","background-repeat":"repeat","background-position":"center center","background-size":"auto","background-attachment":"scroll","background-type":"","background-media":"","overlay-type":"","overlay-color":"","overlay-opacity":"","overlay-gradient":""},"tablet":{"background-color":"var(--ast-global-color-5)","background-image":"","background-repeat":"repeat","background-position":"center center","background-size":"auto","background-attachment":"scroll","background-type":"","background-media":"","overlay-type":"","overlay-color":"","overlay-opacity":"","overlay-gradient":""},"mobile":{"background-color":"var(--ast-global-color-5)","background-image":"","background-repeat":"repeat","background-position":"center center","background-size":"auto","background-attachment":"scroll","background-type":"","background-media":"","overlay-type":"","overlay-color":"","overlay-opacity":"","overlay-gradient":""}},"advanced_seo_description":"","jetpack_seo_html_title":"","jetpack_seo_noindex":false,"footnotes":""},"class_list":["post-1983","page","type-page","status-publish","hentry"],"uagb_featured_image_src":{"full":false,"thumbnail":false,"medium":false,"medium_large":false,"large":false,"1536x1536":false,"2048x2048":false,"newspack-article-block-landscape-large":false,"newspack-article-block-portrait-large":false,"newspack-article-block-square-large":false,"newspack-article-block-landscape-medium":false,"newspack-article-block-portrait-medium":false,"newspack-article-block-square-medium":false,"newspack-article-block-landscape-intermediate":false,"newspack-article-block-portrait-intermediate":false,"newspack-article-block-square-intermediate":false,"newspack-article-block-landscape-small":false,"newspack-article-block-portrait-small":false,"newspack-article-block-square-small":false,"newspack-article-block-landscape-tiny":false,"newspack-article-block-portrait-tiny":false,"newspack-article-block-square-tiny":false,"newspack-article-block-uncropped":false},"uagb_author_info":{"display_name":"Joxa Darceles Irakasle","author_link":"https:\/\/talaiaeskola.eus\/es\/author\/ir013074ak\/"},"uagb_comment_info":0,"uagb_excerpt":"Presentaci\u00f3n La misi\u00f3n del Colegio P\u00fablico Talaia es proporcionar una educaci\u00f3n en lengua vasca, integral, constructiva, cr\u00edtica y aconfesional. Talaia [&hellip;]","jetpack_likes_enabled":true,"jetpack_sharing_enabled":true,"jetpack_shortlink":"https:\/\/wp.me\/PfA7rq-vZ","jetpack-related-posts":[{"id":1943,"url":"https:\/\/talaiaeskola.eus\/es\/acciones-para-la-promocion-del-euskera\/","url_meta":{"origin":1983,"position":0},"title":"ACCIONES PARA LA PROMOCI\u00d3N DEL EUSKERA","author":"Joxa Darceles Irakasle","date":"8 de octubre de 2024","format":false,"excerpt":"RADIO: Este es un proyecto que se trabaja en toda la Educaci\u00f3n Primaria. Los ni\u00f1os y ni\u00f1as de 1\u00ba a 4\u00ba grado participan en los programas de radio y se transmiten en vivo en el sitio web de la escuela. Pod\u00e9is escuchar las sesiones en la web del colegio accediendo\u2026","rel":"","context":"Entrada similar","block_context":{"text":"Entrada similar","link":""},"img":{"alt_text":"","src":"","width":0,"height":0},"classes":[]},{"id":1922,"url":"https:\/\/talaiaeskola.eus\/es\/hogar-2\/","url_meta":{"origin":1983,"position":1},"title":"Hogar","author":"Aitzol Idazkaria","date":"22 de octubre de 2024","format":false,"excerpt":"Men\u00fa NUESTRA ESCUELA PRESENTACI\u00d3N Contactos UBICACI\u00d3N CUOTAS INFORMACI\u00d3N CALENDARIO HORARIOS DE ENTRADA\/SALIDA Satarka Biteri Bordari RESPONSABILIDADES DE LOS\/LAS DOCENTES EQUIPO DIRECTIVO DISTRIBUCI\u00d3N DE TUTORES TUTORES\/AS DE EDUCACI\u00d3N INFANTIL TUTORES\/AS DE EDUCACI\u00d3N PRIMARIA REGLAS Y FUNCIONAMIENTO SERVICIOS COMEDOR TRANSPORTE SERVICIO DE HAUR ZAINTZA ACTIVIDADES DEL MI\u00c9RCOLES POR LA TARDE ESKOLA KIROLA\u2026","rel":"","context":"Entrada similar","block_context":{"text":"Entrada similar","link":""},"img":{"alt_text":"","src":"https:\/\/i0.wp.com\/talaiaeskola.eus\/wp-content\/uploads\/2024\/10\/Satarka-Biteri-Bordari-5.png?fit=1200%2C272&ssl=1&resize=350%2C200","width":350,"height":200,"srcset":"https:\/\/i0.wp.com\/talaiaeskola.eus\/wp-content\/uploads\/2024\/10\/Satarka-Biteri-Bordari-5.png?fit=1200%2C272&ssl=1&resize=350%2C200 1x, https:\/\/i0.wp.com\/talaiaeskola.eus\/wp-content\/uploads\/2024\/10\/Satarka-Biteri-Bordari-5.png?fit=1200%2C272&ssl=1&resize=525%2C300 1.5x, https:\/\/i0.wp.com\/talaiaeskola.eus\/wp-content\/uploads\/2024\/10\/Satarka-Biteri-Bordari-5.png?fit=1200%2C272&ssl=1&resize=700%2C400 2x, https:\/\/i0.wp.com\/talaiaeskola.eus\/wp-content\/uploads\/2024\/10\/Satarka-Biteri-Bordari-5.png?fit=1200%2C272&ssl=1&resize=1050%2C600 3x"},"classes":[]},{"id":1955,"url":"https:\/\/talaiaeskola.eus\/es\/deportes-escolares\/","url_meta":{"origin":1983,"position":2},"title":"ESKOLA KIROLA","author":"Joxa Darceles Irakasle","date":"8 de octubre de 2024","format":false,"excerpt":"Esta actividad est\u00e1 regulada por la Diputaci\u00f3n Provincial y organizada por el Ayuntamiento de Hondarribia, equipos deportivos y colegios. Aunque la inscripci\u00f3n es opcional, el colegio entiende que la pr\u00e1ctica deportiva contribuye a fomentar la formaci\u00f3n general del ni\u00f1o, el desarrollo equilibrado de su personalidad y h\u00e1bitos saludables de vida,\u2026","rel":"","context":"Entrada similar","block_context":{"text":"Entrada similar","link":""},"img":{"alt_text":"","src":"","width":0,"height":0},"classes":[]},{"id":1850,"url":"https:\/\/talaiaeskola.eus\/es\/","url_meta":{"origin":1983,"position":3},"title":"Home","author":"Joxa Darceles Irakasle","date":"5 de noviembre de 2024","format":false,"excerpt":"Construyendo sue\u00f1os futuros desde nuestra Talaia Noticias a M\u00e1s noticias... FOTOS Y VIDEOS TALAIAKO INIKA TALAIA IRRATIA PROGRAMAS DE TELEVISI\u00d3N RECURSOS ESCOLARES","rel":"","context":"Entrada similar","block_context":{"text":"Entrada similar","link":""},"img":{"alt_text":"","src":"https:\/\/i0.wp.com\/talaiaeskola.eus\/wp-content\/uploads\/2024\/10\/cropped-Satarka-Biteri-Bordari-TXIKIA.png?resize=350%2C200&ssl=1","width":350,"height":200,"srcset":"https:\/\/i0.wp.com\/talaiaeskola.eus\/wp-content\/uploads\/2024\/10\/cropped-Satarka-Biteri-Bordari-TXIKIA.png?resize=350%2C200&ssl=1 1x, https:\/\/i0.wp.com\/talaiaeskola.eus\/wp-content\/uploads\/2024\/10\/cropped-Satarka-Biteri-Bordari-TXIKIA.png?resize=525%2C300&ssl=1 1.5x, https:\/\/i0.wp.com\/talaiaeskola.eus\/wp-content\/uploads\/2024\/10\/cropped-Satarka-Biteri-Bordari-TXIKIA.png?resize=700%2C400&ssl=1 2x, https:\/\/i0.wp.com\/talaiaeskola.eus\/wp-content\/uploads\/2024\/10\/cropped-Satarka-Biteri-Bordari-TXIKIA.png?resize=1050%2C600&ssl=1 3x, https:\/\/i0.wp.com\/talaiaeskola.eus\/wp-content\/uploads\/2024\/10\/cropped-Satarka-Biteri-Bordari-TXIKIA.png?resize=1400%2C800&ssl=1 4x"},"classes":[]},{"id":2514,"url":"https:\/\/talaiaeskola.eus\/es\/hogar-3\/","url_meta":{"origin":1983,"position":4},"title":"A prueba de hogar","author":"Aitzol Idazkaria","date":"12 de octubre de 2025","format":false,"excerpt":"Construyendo sue\u00f1os futuros desde nuestra Talaia Noticias a ARGAZKIAK ETA BIDEOAK TALAIAKO INIKA TALAIAKO INIKA PROGRAMAS DE TELEVISI\u00d3N RECURSOS ESCOLARES","rel":"","context":"Entrada similar","block_context":{"text":"Entrada similar","link":""},"img":{"alt_text":"","src":"https:\/\/i0.wp.com\/talaiaeskola.eus\/wp-content\/uploads\/2025\/10\/Biteri-1-e1760290891278.png?resize=350%2C200&ssl=1","width":350,"height":200,"srcset":"https:\/\/i0.wp.com\/talaiaeskola.eus\/wp-content\/uploads\/2025\/10\/Biteri-1-e1760290891278.png?resize=350%2C200&ssl=1 1x, https:\/\/i0.wp.com\/talaiaeskola.eus\/wp-content\/uploads\/2025\/10\/Biteri-1-e1760290891278.png?resize=525%2C300&ssl=1 1.5x, https:\/\/i0.wp.com\/talaiaeskola.eus\/wp-content\/uploads\/2025\/10\/Biteri-1-e1760290891278.png?resize=700%2C400&ssl=1 2x, https:\/\/i0.wp.com\/talaiaeskola.eus\/wp-content\/uploads\/2025\/10\/Biteri-1-e1760290891278.png?resize=1050%2C600&ssl=1 3x, https:\/\/i0.wp.com\/talaiaeskola.eus\/wp-content\/uploads\/2025\/10\/Biteri-1-e1760290891278.png?resize=1400%2C800&ssl=1 4x"},"classes":[]},{"id":1935,"url":"https:\/\/talaiaeskola.eus\/es\/asociacion-de-familias-y-padres\/","url_meta":{"origin":1983,"position":5},"title":"ASOCIACI\u00d3N DE PADRES-MADRES Y FAMILIAS","author":"Joxa Darceles Irakasle","date":"8 de octubre de 2024","format":false,"excerpt":"La Asociaci\u00f3n de Padres\/Madres y Familiares es el \u00f3rgano que representa a las familias del colegio. Un \u00f3rgano que permite la participaci\u00f3n en los \u00f3rganos de gesti\u00f3n y decisiones del centro. \u00bfQu\u00e9 hace la Asociaci\u00f3n de Padres y Familias? Organiza y gestiona las siguientes actividades: Conferencias de padres, formaciones... Cuidado\u2026","rel":"","context":"Entrada similar","block_context":{"text":"Entrada similar","link":""},"img":{"alt_text":"","src":"","width":0,"height":0},"classes":[]}],"_links":{"self":[{"href":"https:\/\/talaiaeskola.eus\/es\/wp-json\/wp\/v2\/pages\/1983","targetHints":{"allow":["GET"]}}],"collection":[{"href":"https:\/\/talaiaeskola.eus\/es\/wp-json\/wp\/v2\/pages"}],"about":[{"href":"https:\/\/talaiaeskola.eus\/es\/wp-json\/wp\/v2\/types\/page"}],"author":[{"embeddable":true,"href":"https:\/\/talaiaeskola.eus\/es\/wp-json\/wp\/v2\/users\/241677285"}],"replies":[{"embeddable":true,"href":"https:\/\/talaiaeskola.eus\/es\/wp-json\/wp\/v2\/comments?post=1983"}],"version-history":[{"count":9,"href":"https:\/\/talaiaeskola.eus\/es\/wp-json\/wp\/v2\/pages\/1983\/revisions"}],"predecessor-version":[{"id":2767,"href":"https:\/\/talaiaeskola.eus\/es\/wp-json\/wp\/v2\/pages\/1983\/revisions\/2767"}],"wp:attachment":[{"href":"https:\/\/talaiaeskola.eus\/es\/wp-json\/wp\/v2\/media?parent=1983"}],"curies":[{"name":"wp","href":"https:\/\/api.w.org\/{rel}","templated":true}]}}